





{"id":3,"date":"2023-03-02T07:14:46","date_gmt":"2023-03-02T07:14:46","guid":{"rendered":"https:\/\/loveandpaper.ro\/?page_id=3"},"modified":"2025-03-10T06:30:15","modified_gmt":"2025-03-10T06:30:15","slug":"privacy-policy","status":"publish","type":"page","link":"https:\/\/loveandpaper.ro\/ro\/privacy-policy\/","title":{"rendered":"Politica de confiden\u021bialitate"},"content":{"rendered":"<section class=\"wpb-content-wrapper\"><div class=\"vc_row wpb_row vc_row-fluid wpb_animate_when_almost_visible wpb_fadeInUpBig fadeInUpBig\" ><div class=\"wpb_column vc_column_container vc_col-sm-12\"><div class=\"vc_column-inner\"><div class=\"wpb_wrapper\">\n\t<div class=\"wpb_text_column wpb_content_element\" >\n\t\t<div class=\"wpb_wrapper\">\n\t\t\t<h2 class=\"wp-block-heading\">1. PROTEC\u021aIA DATELOR PERSONALE<\/h2>\n<p>Prelucrarea datelor personale este necesar\u0103 pentru a \u00eendeplini termenii contractuali furniza\u021bi de comerciantul online sau pentru pa\u0219ii preceden\u021bi \u00eencheierii unui contract cu un comerciant online. \u00cemputernicit s\u0103 prelucreze datele dumneavoastr\u0103 personale este compania LOVE&amp;PAPER EVENTS SRL, cu sediul \u00een Bucure\u0219ti, Str. R\u0103s\u0103ritului 76, ap. 11, camera 2, cod unic de identificare: 47556216, adresa de email contact@loveandpaper.ro (denumit\u0103 \u00een continuare \u201e\u00eemputernicit\u201c). <strong>\u201cempowered\u201c<\/strong>).<\/p>\n<p>Autoritatea nu a desemnat nicio persoan\u0103 responsabil\u0103 pentru protec\u021bia prelucr\u0103rii datelor personale.\nConform cerin\u021belor Regulamentului General privind Protec\u021bia Datelor (GDPR), LOVE&amp;PAPER EVENTS SRL trebuie s\u0103 administreze \u00een siguran\u021b\u0103 \u0219i numai pentru scopurile specificate datele personale pe care le furniza\u021bi despre dumneavoastr\u0103.<\/p>\n<p>\u00a0<\/p>\n<h6 class=\"wp-block-heading\"><strong>LEGISLA\u021aIA PRIVIND PRELUCRAREA DATELOR PERSONALE<\/strong><\/h6>\n<p>Prelucrarea datelor dumneavoastr\u0103 este necesar\u0103 pentru \u00eendeplinirea termenilor contractuali \u00eencheia\u021bi \u00eentre dumneavoastr\u0103 \u0219i \u00eemputernicitul prelucr\u0103rii datelor personale \u0219i pentru pa\u0219ii preceden\u021bi \u00eencheierii unui contract \u00eentre dumneavoastr\u0103 \u0219i \u00eemputernicit, conform articolului 6 (1) (b), regulamentului 2016\/679 al Parlamentului European \u0219i al Consiliului privind protec\u021bia persoanelor fizice \u00een ceea ce prive\u0219te prelucrarea datelor personale \u0219i privind libera circula\u021bie a acestor date \u0219i de abrogare a Directivei 95\/46\/CE (regulamentul general privind protec\u021bia datelor personale) (denumit \u00een continuare \u201eregulament\u201c). <strong>&#8220;regulation&#8221;<\/strong>).<\/p>\n<p>\u00a0<\/p>\n<h6 class=\"wp-block-heading\"><strong>SCOPUL PRELUCR\u0102RII DATELOR PERSONALE<\/strong><\/h6>\n<p>Scopul prelucr\u0103rii datelor dumneavoastr\u0103 personale este de a \u00eencheia un contract \u00eentre dumneavoastr\u0103 \u0219i \u00eemputernicit sau de a executa o m\u0103sur\u0103 de c\u0103tre \u00eemputernicit \u00eenainte de \u00eencheierea unui astfel de contract.<\/p>\n<p>Scopul colect\u0103rii datelor este de a informa clien\u021bii despre ini\u021bierea, evolu\u021bia \u0219i starea comenzilor plasate pe site-ul www.loveandpaper.ro, evaluarea produselor \u0219i serviciilor oferite \u0219i modul \u00een care acestea sunt promovate.<\/p>\n<p>Scopul colect\u0103rii datelor este de a asigura utilizatorilor serviciilor oferite pe site-ul www.loveandpaper.ro cea mai bun\u0103 calitate a informa\u021biilor \u0219i serviciilor, precum \u0219i servicii de marketing, publicitate \u0219i publicitate. <a href=\"https:\/\/loveandpaper.ro\/ro\/\">www.loveandpaper.ro<\/a> the best quality information and services, as well as marketing, advertising, and publicity services.<\/p>\n<p>Autoritatea nu va fi automat acordat\u0103 decizie liber\u0103 prin articolul 22 al Regulamentului.<\/p>\n<p>Prin completarea datelor dumneavoastr\u0103 \u00een formularul de comand\u0103, declara\u021bi c\u0103 accepta\u021bi \u00een mod expres \u0219i necondi\u021bionat ca datele dumneavoastr\u0103 s\u0103 fie utilizate pentru prelucrarea \u0219i livrarea comenzilor ini\u021biate pe site-ul www.loveandpaper.ro. <a href=\"https:\/\/loveandpaper.ro\/ro\/\">www.loveandpaper.ro<\/a><\/p>\n<p>LOVE&amp;PAPER EVENTS SRL prelucreaz\u0103 datele personale ale clien\u021bilor, prin mijloace automate \u0219i manuale, destinate emiterii de facturi pentru servicii \u0219i produse, livr\u0103rii comenzilor plasate, colect\u0103rii crean\u021belor aferente acestora, precum \u0219i solu\u021bion\u0103rii solicit\u0103rilor legate de activitatea companiei.<\/p>\n<p>Datele personale nu pot fi transferate \u00een str\u0103in\u0103tate.<\/p>\n<p>Datele pe care le prelucr\u0103m sunt doar cele oferite de dumneavoastr\u0103.<\/p>\n<p>Refuzul eventual de a ne furniza datele solicitate determin\u0103 imposibilitatea noastr\u0103 de a v\u0103 furniza serviciile solicitate.<\/p>\n<p>\u00a0<\/p>\n<h6 class=\"wp-block-heading\"><strong>TER\u021aI IMPLICA\u021aI \u00ceN OB\u021aINEREA DATELOR PERSONALE<\/strong><\/h6>\n<p>Alte p\u0103r\u021bi implicate \u00een ob\u021binerea datelor personale vor fi at\u00e2t companiile de curierat sau de transport, c\u00e2t \u0219i orice alte persoane implicate \u00een livrarea bunurilor achizi\u021bionate \u0219i p\u0103r\u021bile implicate \u00een realizarea cu succes a pl\u0103\u021bilor aferente contractului de cump\u0103rare.<\/p>\n<p>Informa\u021biile \u00eenregistrate sunt destinate utiliz\u0103rii de c\u0103tre LOVE&amp;PAPER EVENTS SRL \u0219i sunt comunicate urm\u0103torilor destinatari:<\/p>\n<p>\u2022 Companii de curierat<\/p>\n<p>\u2022 Companii bancare<\/p>\n<p>\u2022 Autorit\u0103\u021bi publice (doar dac\u0103 solicit\u0103 acest lucru pentru efectuarea unui act administrativ sau de justi\u021bie).<\/p>\n<p>\u00cemputernicitul nu inten\u021bioneaz\u0103 s\u0103 transmit\u0103 datele dumneavoastr\u0103 c\u0103tre \u021b\u0103ri ter\u021be (\u00een afara UE) sau organiza\u021bii interna\u021bionale.<\/p>\n<p>\u00a0<\/p>\n<h6 class=\"wp-block-heading\"><strong>PERIOADA DE P\u0102STRARE A DATELOR PERSONALE<\/strong><\/h6>\n<p>Datele personale sunt p\u0103strate de \u00eemputernicit timp de 2 ani.<\/p>\n<p>\u00a0<\/p>\n<h6 class=\"wp-block-heading\"><strong>DREPTURILE TITULARULUI DE DATE PERSONALE<\/strong><\/h6>\n<p>\u00cen conformitate cu Regulamentul General privind Protec\u021bia Datelor (GDPR), beneficia\u021bi de:\u00a0<a href=\"http:\/\/eur-lex.europa.eu\/legal-content\/EN\/TXT\/?uri=celex%253A31995L0046\">General Data Protection Regulation (GDPR)<\/a>, you benefit from:<\/p>\n<p>\u2022 Dreptul la informare<\/p>\n<p>\u2022 Dreptul de acces la date<\/p>\n<p>\u2022 Dreptul de interven\u021bie asupra datelor<\/p>\n<p>\u2022 Dreptul de opozi\u021bie<\/p>\n<p>\u2022 Dreptul de a se adresa justi\u021biei<\/p>\n<p>De asemenea, ave\u021bi dreptul de a v\u0103 opune prelucr\u0103rii datelor personale care v\u0103 privesc \u0219i de a solicita \u0219tergerea datelor. Pentru exercitarea acestor drepturi, v\u0103 pute\u021bi adresa cu o cerere scris\u0103, datat\u0103 \u0219i semnat\u0103 prin formularul de contact sau prin po\u0219t\u0103 la adresa companiei noastre.<\/p>\n<p>Dac\u0103 considera\u021bi c\u0103 drepturile dumneavoastr\u0103 \u00een ceea ce prive\u0219te prelucrarea datelor au fost \u00eenc\u0103lcate sau dac\u0103 regulamentul a fost \u00eenc\u0103lcat, ave\u021bi dreptul s\u0103 depune\u021bi o pl\u00e2ngere la autoritatea de supraveghere.<\/p>\n<p>Dac\u0103 oricare dintre datele dumneavoastr\u0103 este incorect\u0103, v\u0103 rug\u0103m s\u0103 ne informa\u021bi c\u00e2t mai cur\u00e2nd posibil.<\/p>\n<p>\u00cenregistrarea eventual\u0103 pe site-urile administrate de LOVE&amp;PAPER EVENTS SRL implic\u0103 faptul c\u0103 drepturile men\u021bionate mai sus sunt luate \u00een considerare \u0219i acordul ca datele personale s\u0103 fie utilizate de LOVE&amp;PAPER EVENTS SRL pentru marketing, publicitate, informare \u0219i comer\u021b electronic.<\/p>\n<p>\u00a0<\/p>\n<h2 class=\"wp-block-heading\">2. INFORMA\u021aII GENERALE COLECTATE DE LOVE&amp;PAPER EVENTS SRL<\/h2>\n<p>LOVE&amp;PAPER EVENTS SRL va colecta informa\u021bii sau date vizibile publicului pe site, care permit identificarea indivizilor (nume, adres\u0103, num\u0103r de telefon, adresa de e-mail).<\/p>\n<p>Prin accesarea www.loveandpaper.ro, consim\u021bi\u021bi la prelucrarea \u0219i stocarea acestor date \u00een baza noastr\u0103 de date \u00een scopuri comerciale, plasarea \u0219i procesarea comenzilor online, marketing, publicitate \u0219i informare. Dac\u0103 dori\u021bi ca datele dumneavoastr\u0103 s\u0103 fie eliminate din baza de date, pute\u021bi indica acest lucru contact\u00e2ndu-ne.<\/p>\n<p>C\u00e2nd ne trimite\u021bi datele personale, LOVE&amp;PAPER EVENTS SRL le poate utiliza \u00een scopurile men\u021bionate:<\/p>\n<p>\u2022 LOVE&amp;PAPER EVENTS SRL poate utiliza informa\u021biile furnizate pentru a lua leg\u0103tura cu dumneavoastr\u0103 pentru a r\u0103spunde unei solicit\u0103ri sau pentru a oferi un premiu c\u00e2\u0219tigat;<\/p>\n<p>\u2022 LOVE&amp;PAPER EVENTS SRL poate furniza unei ter\u021be p\u0103r\u021bi informa\u021bii generale, dar nu individuale, despre vizitatorii sau utilizatorii site-ului Love and Paper SRL (date statistice).<\/p>\n<p>\u2022 LOVE&amp;PAPER EVENTS SRL poate transmite informa\u021biile personale colectate de la dumneavoastr\u0103 c\u0103tre ter\u021bi \u0219i nu este responsabil\u0103 pentru transmiterea datelor dumneavoastr\u0103 c\u0103tre ter\u021bi \u00een urm\u0103toarele cazuri:<\/p>\n<p>\u2022 Dac\u0103 transmiterea a fost f\u0103cut\u0103 cu consim\u021b\u0103m\u00e2ntul dumneavoastr\u0103;<\/p>\n<p>\u2022 Dac\u0103 datele personale furnizate voluntar \u00een sesiuni de discu\u021bii (chat), schimburi de mesaje electronice, forumuri de discu\u021bii, comentarii sau altele similare pe acest site ar putea fi folosite de ter\u021bi pentru a genera\/trimite mesaje nesolicitate;<\/p>\n<p>\u2022 Dac\u0103 este necesar\u0103 transmiterea informa\u021biilor pentru a furniza produsele \u0219i serviciile solicitate de dumneavoastr\u0103;<\/p>\n<p>\u2022 Dac\u0103 informa\u021bia este necesar\u0103 pentru partenerii LOVE&amp;PAPER EVENTS SRL pentru a \u00eembun\u0103t\u0103\u021bi sau facilita unele dintre serviciile sau produsele solicitate de dumneavoastr\u0103.<\/p>\n<p>Putem transmite informa\u021bii personale autorit\u0103\u021bilor publice sau institu\u021biilor conform legii sau cu bun\u0103-credin\u021b\u0103 dac\u0103:<\/p>\n<p>\u2022 Este prev\u0103zut de lege;<\/p>\n<p>\u2022 Previne o infrac\u021biune sau protejeaz\u0103 securitatea na\u021bional\u0103;<\/p>\n<p>\u2022 Protejeaz\u0103 siguran\u021ba individului sau siguran\u021ba public\u0103.<\/p>\n<p>Informa\u021biile men\u021bionate sunt necesare pentru a rezolva diverse situa\u021bii:<\/p>\n<p>\u2022 Dac\u0103 activit\u0103\u021bile dumneavoastr\u0103 contravin termenilor \u0219i condi\u021biilor LOVE&amp;PAPER EVENTS SRL sau instruc\u021biunilor pentru utilizarea anumitor produse \u0219i servicii;<\/p>\n<p>\u2022 \u00cen cazul \u00een care LOVE&amp;PAPER EVENTS SRL fuzioneaz\u0103 sau este achizi\u021bionat\u0103 \u00een totalitate<\/p>\n<p>\u00cen anumite situa\u021bii, LOVE&amp;PAPER EVENTS SRL poate colecta automat (nu prin \u00eenregistrare voluntar\u0103) informa\u021bii tehnice \u0219i nu date de identificare a utilizatorului la accesarea unui site web al LOVE&amp;PAPER EVENTS SRL. Acest tip de informa\u021bii tehnice pot fi (dar nu se reduc la): Tipul de browser de Internet utilizat, sistemul de operare al computerului personal utilizat de utilizator, sau numele domeniului sau domeniul gazd\u0103 de la care utilizatorul s-a conectat la site-urile LOVE&amp;PAPER SRL.<\/p>\n<p>\u00a0<\/p>\n<h2 class=\"wp-block-heading\">3. INFORMA\u021aII STOCATE AUTOMAT DE CALCULATORUL DVS. (COOKIES)<\/h2>\n<p>La accesarea unuia dintre site-urile LOVE&amp;PAPER EVENTS SRL, acesta poate stoca un volum de informa\u021bii pe computerul dumneavoastr\u0103. Aceste informa\u021bii sunt sub forma unui \u201ecookie\u201d sau a unui fi\u0219ier de date similar cu acesta \u0219i reprezint\u0103 o caracteristic\u0103 cu care LOVE&amp;PAPER EVENTS SRL v\u0103 ofer\u0103 o navigare mai u\u0219oar\u0103 pe site-urile sale. Cookie-urile sunt fi\u0219iere mici pe care browserul le pune pe hard diskul utilizatorului. Aceste cookie-uri sunt folosite pentru a memora numele utilizatorilor, parolele \u0219i preferin\u021bele, pentru a monitoriza c\u0103ile de pe site \u0219i pentru a personaliza paginile \u00een func\u021bie de vizitator. \u00cen structura fiec\u0103rui browser de internet exist\u0103 op\u021biunea de a \u0219terge \u201ecookies\u201d de pe hard disk, de a bloca primirea \u201ecookies\u201d sau de a primi un mesaj atunci c\u00e2nd un \u201ecookie\u201d este stocat pe computerul dumneavoastr\u0103.<\/p>\n<p>\u00a0<\/p>\n<h2 class=\"wp-block-heading\">4. REVIZUIREA POLITICII DE CONFIDENTIALITATE<\/h2>\n<p>LOVE&amp;PAPER EVENTS SRL, \u00een calitate de autor\/administrator al site-ului <a href=\"https:\/\/loveandpaper.ro\/ro\/\">www.loveandpaper.ro<\/a> poate, \u00een orice moment \u0219i f\u0103r\u0103 notificare prealabil\u0103, s\u0103 revizuiasc\u0103 politica de confiden\u021bialitate prin actualizarea acesteia.<\/p>\n<p>Sunte\u021bi obligat s\u0103 respecta\u021bi orice astfel de revizuiri \u0219i, prin urmare, va trebui s\u0103 vizita\u021bi periodic aceast\u0103 pagin\u0103 a site-ului nostru pentru a confirma notific\u0103rile actualizate. Dac\u0103 ave\u021bi \u00eentreb\u0103ri despre politica noastr\u0103 de confiden\u021bialitate, v\u0103 rug\u0103m s\u0103 ne scrie\u021bi prin formularul nostru de contact sau adresa de e-mail contact@loveandpaper.ro<\/p>\n<p>\u00a0<\/p>\n\n\t\t<\/div>\n\t<\/div>\n<\/div><\/div><\/div><\/div><\/section>","protected":false},"excerpt":{"rendered":"1. PROTECTION OF PERSONAL DATA The processing of personal data is necessary to meet the contractual terms provided by the online trader, or for the preceding steps to conclude a contract with an online trader. CONTACT DETAILS OF THE PERSONAL [...]","protected":false},"author":1,"featured_media":0,"parent":0,"menu_order":0,"comment_status":"closed","ping_status":"closed","template":"","meta":{"footnotes":""},"class_list":["post-3","page","type-page","status-publish","hentry"],"_links":{"self":[{"href":"https:\/\/loveandpaper.ro\/ro\/wp-json\/wp\/v2\/pages\/3","targetHints":{"allow":["GET"]}}],"collection":[{"href":"https:\/\/loveandpaper.ro\/ro\/wp-json\/wp\/v2\/pages"}],"about":[{"href":"https:\/\/loveandpaper.ro\/ro\/wp-json\/wp\/v2\/types\/page"}],"author":[{"embeddable":true,"href":"https:\/\/loveandpaper.ro\/ro\/wp-json\/wp\/v2\/users\/1"}],"replies":[{"embeddable":true,"href":"https:\/\/loveandpaper.ro\/ro\/wp-json\/wp\/v2\/comments?post=3"}],"version-history":[{"count":6,"href":"https:\/\/loveandpaper.ro\/ro\/wp-json\/wp\/v2\/pages\/3\/revisions"}],"predecessor-version":[{"id":4379,"href":"https:\/\/loveandpaper.ro\/ro\/wp-json\/wp\/v2\/pages\/3\/revisions\/4379"}],"wp:attachment":[{"href":"https:\/\/loveandpaper.ro\/ro\/wp-json\/wp\/v2\/media?parent=3"}],"curies":[{"name":"wp","href":"https:\/\/api.w.org\/{rel}","templated":true}]}}