





{"id":3483,"date":"2023-03-02T11:16:08","date_gmt":"2023-03-02T11:16:08","guid":{"rendered":"https:\/\/loveandpaper.ro\/?page_id=3483"},"modified":"2025-03-10T06:33:17","modified_gmt":"2025-03-10T06:33:17","slug":"about-me","status":"publish","type":"page","link":"https:\/\/loveandpaper.ro\/ro\/about-me\/","title":{"rendered":"Despre mine"},"content":{"rendered":"<section class=\"wpb-content-wrapper\"><div class=\"vc_row wpb_row vc_row-fluid vc_custom_1741588395384 vc_column-gap-35 vc_row-o-equal-height vc_row-o-content-top vc_row-flex\" ><div class=\"wpb_animate_when_almost_visible wpb_fadeInUp fadeInUp wpb_column vc_column_container vc_col-sm-12\"><div class=\"vc_column-inner\"><div class=\"wpb_wrapper\"><div class=\"mkdf-row-grid-section-wrapper\" ><div class=\"mkdf-row-grid-section\"><div class=\"vc_row wpb_row vc_inner vc_row-fluid vc_column-gap-35 vc_row-o-content-top vc_row-flex\" ><div class=\"wpb_column vc_column_container vc_col-sm-12 vc_col-lg-6 vc_col-md-12\"><div class=\"vc_column-inner\"><div class=\"wpb_wrapper\"><div class=\"mkdf-single-image-holder\" data-parallax=\"{&quot;y&quot;: 170, &quot;smoothness&quot;: 40}\">\n    <div class=\"mkdf-si-inner\" >\n                                    <img loading=\"lazy\" decoding=\"async\" width=\"1000\" height=\"1500\" src=\"https:\/\/loveandpaper.ro\/wp-content\/uploads\/2025\/03\/1-about-me.jpg\" class=\"attachment-full size-full\" alt=\"\" srcset=\"https:\/\/loveandpaper.ro\/wp-content\/uploads\/2025\/03\/1-about-me.jpg 1000w, https:\/\/loveandpaper.ro\/wp-content\/uploads\/2025\/03\/1-about-me-200x300.jpg 200w, https:\/\/loveandpaper.ro\/wp-content\/uploads\/2025\/03\/1-about-me-683x1024.jpg 683w, https:\/\/loveandpaper.ro\/wp-content\/uploads\/2025\/03\/1-about-me-768x1152.jpg 768w, https:\/\/loveandpaper.ro\/wp-content\/uploads\/2025\/03\/1-about-me-8x12.jpg 8w\" sizes=\"auto, (max-width: 1000px) 100vw, 1000px\" \/>                        <\/div>\n<\/div><\/div><\/div><\/div><div class=\"wpb_column vc_column_container vc_col-sm-12 vc_col-lg-6 vc_col-md-12\"><div class=\"vc_column-inner vc_custom_1741034144655\"><div class=\"wpb_wrapper\"><div class=\"mkdf-section-title-holder customtitle mkdf-st-standard mkdf-st-title-left mkdf-st-normal-space\" style=\"text-align: left\">\n\t<div class=\"mkdf-st-inner\">\n\t\t\t\t\t<h2 class=\"mkdf-st-title\" style=\"color: #c72c48\">\n\t\t\t\tBun\u0103! Sunt Evelin\t\t\t<\/h2>\n\t\t    <span class=\"mkdf-st-line\" ><\/span>\n    <div class=\"mkdf-st-text\" >\n        \n<p style=\"font-family: 'Dancing Script', cursive; color: #c72c48; font-size: 22px;\"><strong><em>\u0219i m\u0103 bucur c\u0103 e\u0219ti aici!<\/em><\/strong><\/p>\n<p style=\"font-family: Open Sans;\">M\u0103 numesc Evelin. Sunt so\u021bie iubitoare, mama a doi b\u0103ie\u021bi extraordinari (micile mele ajutoare ) \u0219i creatoarea brandului LOVE &amp; PAPER.<\/p>\n<p style=\"font-family: Open Sans;\">Cum a \u00eenceput totul? Odat\u0103 cu organizarea propiei mele nun\u021bi, am descoperit arta papet\u0103riei, care m-a cucerit ireversibil. Am urmat cursuri de design grafic \u0219i desen, am studiat caligrafia, am \u00eenceput sa realizez h\u00e2rtie manual\u0103 \u0219i astfel a \u00eenceput c\u0103l\u0103toria mea ca artist grafic.<\/p>\n<p style=\"font-family: Open Sans;\">Sunt implicat\u0103 \u00een \u00eentregul proces creativ: de la design, la asamblare. Prin urmare, \u00eemi pute\u021bi spune viziunea voastr\u0103 \u0219i voi fi bucuroas\u0103 s\u0103 creez ceea ce v\u0103 dori\u021bi! Scopul meu este s\u0103 realizez invita\u021bii care s\u0103 v\u0103 reprezinte \u0219i s\u0103 se \u00eencadreze, \u00een acela\u0219i timp, \u00een linia noastr\u0103 estetic\u0103. De aceea, folosesc tehnici de imprimare diverse \u0219i materiale calitative, f\u0103urite cu mare art\u0103 de artizani locali \u0219i din afara \u021b\u0103rii.<\/p>\n<p style=\"font-family: Open Sans;\">Din pasiune pentru art\u0103 \u0219i din respect pentru munca celorlal\u021bi designeri, pled\u0103m pentru realizarea unor invita\u021bii ORIGINALE, UNICE.<\/p>\n<p style=\"font-family: Open Sans;\">Invita\u021bia are un rol deosebit de important, fiind cartea de vizit\u0103 a evenimentului pe care \u00eel organiza\u021bi. Ea poate comunica multe aspecte legate de stilul, atmosfera \u0219i cromatica evenimentului. F\u0103urit\u0103 cu aten\u021bie, cu materiale de calitate, poate constitui un OBIECT DE ART\u0102 \u0219i, mai apoi, o AMINTIRE DE NEPRE\u021aUIT.<\/p>\n    <\/div>\n\t<\/div>\n<\/div><\/div><\/div><\/div><\/div><\/div><\/div><\/div><\/div><\/div><div class=\"mkdf-row-parallax-background-elements-holder mkdf-parallax-elements-top\"><\/div><\/div><div class=\"vc_row wpb_row vc_row-fluid vc_column-gap-35 vc_row-o-equal-height vc_row-o-content-top vc_row-flex\" ><div class=\"wpb_animate_when_almost_visible wpb_fadeInUp fadeInUp wpb_column vc_column_container vc_col-sm-12\"><div class=\"vc_column-inner vc_custom_1741034177546\"><div class=\"wpb_wrapper\"><div class=\"mkdf-row-grid-section-wrapper\" ><div class=\"mkdf-row-grid-section\"><div class=\"vc_row wpb_row vc_inner vc_row-fluid vc_column-gap-35 vc_row-o-content-middle vc_row-flex\" ><div class=\"wpb_column vc_column_container vc_col-sm-12 vc_col-lg-6 vc_col-md-12\"><div class=\"vc_column-inner\"><div class=\"wpb_wrapper\"><div class=\"mkdf-section-title-holder  mkdf-st-standard mkdf-st-title-left mkdf-st-normal-space\" style=\"text-align: left\">\n\t<div class=\"mkdf-st-inner\">\n\t\t\t\t\t<h2 class=\"mkdf-st-title\" >\n\t\t\t\tMy workshop\t\t\t<\/h2>\n\t\t    <span class=\"mkdf-st-line\" ><\/span>\n    <div class=\"mkdf-st-text\" >\n        \n<p style=\"font-family: Open Sans;\" class=\"translation-block\">LOVE &amp; PAPER este atelierul meu creativ, unde \u00eemi exprim dragostea pentru h\u00e2rtia frumoas\u0103 \u0219i arta manual\u0103. \u00cen cadrul atelierului realizez papet\u0103rie de lux, cum ar fi: invita\u021bii, plicuri, place cards, meniuri, numere de mas\u0103, panouri, etichete, scrisori, carduri de mul\u021bumire, sigilii de cear\u0103, \u0219tampile, ilustra\u021bii, etc.<\/p>\n<p style=\"font-family: Open Sans;\">Cre\u021biile Love &amp; Paper au fost apreciate \u0219i publicate \u00een numeroase publica\u021bii interna\u021bionale de profil, precum: Ruffled Blog, Wedding Chicks, One Fab Day, Ador\u00e9 Blog De Mariage, French Wedding Style, Want That Wedding, etc.<\/p>\n    <\/div>\n\t<\/div>\n<\/div><\/div><\/div><\/div><div class=\"wpb_column vc_column_container vc_col-sm-12 vc_col-lg-6 vc_col-md-12\"><div class=\"vc_column-inner vc_custom_1741031908944\"><div class=\"wpb_wrapper\"><div class=\"mkdf-single-image-holder\" >\n    <div class=\"mkdf-si-inner\" >\n                                    <img loading=\"lazy\" decoding=\"async\" width=\"2560\" height=\"1920\" src=\"https:\/\/loveandpaper.ro\/wp-content\/uploads\/2025\/03\/ABOUT-STUDIO-2-scaled.jpg\" class=\"attachment-full size-full\" alt=\"\" srcset=\"https:\/\/loveandpaper.ro\/wp-content\/uploads\/2025\/03\/ABOUT-STUDIO-2-scaled.jpg 2560w, https:\/\/loveandpaper.ro\/wp-content\/uploads\/2025\/03\/ABOUT-STUDIO-2-300x225.jpg 300w, https:\/\/loveandpaper.ro\/wp-content\/uploads\/2025\/03\/ABOUT-STUDIO-2-1024x768.jpg 1024w, https:\/\/loveandpaper.ro\/wp-content\/uploads\/2025\/03\/ABOUT-STUDIO-2-768x576.jpg 768w, https:\/\/loveandpaper.ro\/wp-content\/uploads\/2025\/03\/ABOUT-STUDIO-2-1536x1152.jpg 1536w, https:\/\/loveandpaper.ro\/wp-content\/uploads\/2025\/03\/ABOUT-STUDIO-2-16x12.jpg 16w\" sizes=\"auto, (max-width: 2560px) 100vw, 2560px\" \/>                        <\/div>\n<\/div><\/div><\/div><\/div><\/div><\/div><\/div><\/div><\/div><\/div><div class=\"mkdf-row-parallax-background-elements-holder mkdf-parallax-elements-top\"><\/div><\/div><div class=\"vc_row wpb_row vc_row-fluid wpb_animate_when_almost_visible wpb_bounceInUp bounceInUp vc_column-gap-35 vc_row-o-equal-height vc_row-o-content-top vc_row-flex\" ><div class=\"wpb_animate_when_almost_visible wpb_fadeInUp fadeInUp wpb_column vc_column_container vc_col-sm-12\"><div class=\"vc_column-inner vc_custom_1741085458903\"><div class=\"wpb_wrapper\"><div class=\"mkdf-row-grid-section-wrapper\" ><div class=\"mkdf-row-grid-section\"><div class=\"vc_row wpb_row vc_inner vc_row-fluid vc_custom_1741085596152 vc_column-gap-35 vc_row-o-content-top vc_row-flex\" ><div class=\"wpb_column vc_column_container vc_col-sm-12 vc_col-lg-6 vc_col-md-12\"><div class=\"vc_column-inner\"><div class=\"wpb_wrapper\"><div class=\"mkdf-single-image-holder    mkdf-image-center\" >\n    <div class=\"mkdf-si-inner\" >\n                                    <img loading=\"lazy\" decoding=\"async\" width=\"2048\" height=\"2560\" src=\"https:\/\/loveandpaper.ro\/wp-content\/uploads\/2025\/03\/ABOUT-STUDIO-1-scaled.jpg\" class=\"attachment-full size-full\" alt=\"\" srcset=\"https:\/\/loveandpaper.ro\/wp-content\/uploads\/2025\/03\/ABOUT-STUDIO-1-scaled.jpg 2048w, https:\/\/loveandpaper.ro\/wp-content\/uploads\/2025\/03\/ABOUT-STUDIO-1-240x300.jpg 240w, https:\/\/loveandpaper.ro\/wp-content\/uploads\/2025\/03\/ABOUT-STUDIO-1-819x1024.jpg 819w, https:\/\/loveandpaper.ro\/wp-content\/uploads\/2025\/03\/ABOUT-STUDIO-1-768x960.jpg 768w, https:\/\/loveandpaper.ro\/wp-content\/uploads\/2025\/03\/ABOUT-STUDIO-1-1229x1536.jpg 1229w, https:\/\/loveandpaper.ro\/wp-content\/uploads\/2025\/03\/ABOUT-STUDIO-1-1638x2048.jpg 1638w, https:\/\/loveandpaper.ro\/wp-content\/uploads\/2025\/03\/ABOUT-STUDIO-1-10x12.jpg 10w\" sizes=\"auto, (max-width: 2048px) 100vw, 2048px\" \/>                        <\/div>\n<\/div><\/div><\/div><\/div><div class=\"wpb_column vc_column_container vc_col-sm-12 vc_col-lg-6 vc_col-md-12\"><div class=\"vc_column-inner vc_custom_1741031908944\"><div class=\"wpb_wrapper\"><div class=\"mkdf-single-image-holder    mkdf-image-center\" >\n    <div class=\"mkdf-si-inner\" >\n                                    <img loading=\"lazy\" decoding=\"async\" width=\"2048\" height=\"2560\" src=\"https:\/\/loveandpaper.ro\/wp-content\/uploads\/2025\/03\/ABOUT-STUDIO-3-scaled.jpg\" class=\"attachment-full size-full\" alt=\"\" srcset=\"https:\/\/loveandpaper.ro\/wp-content\/uploads\/2025\/03\/ABOUT-STUDIO-3-scaled.jpg 2048w, https:\/\/loveandpaper.ro\/wp-content\/uploads\/2025\/03\/ABOUT-STUDIO-3-240x300.jpg 240w, https:\/\/loveandpaper.ro\/wp-content\/uploads\/2025\/03\/ABOUT-STUDIO-3-819x1024.jpg 819w, https:\/\/loveandpaper.ro\/wp-content\/uploads\/2025\/03\/ABOUT-STUDIO-3-768x960.jpg 768w, https:\/\/loveandpaper.ro\/wp-content\/uploads\/2025\/03\/ABOUT-STUDIO-3-1229x1536.jpg 1229w, https:\/\/loveandpaper.ro\/wp-content\/uploads\/2025\/03\/ABOUT-STUDIO-3-1638x2048.jpg 1638w, https:\/\/loveandpaper.ro\/wp-content\/uploads\/2025\/03\/ABOUT-STUDIO-3-10x12.jpg 10w\" sizes=\"auto, (max-width: 2048px) 100vw, 2048px\" \/>                        <\/div>\n<\/div><\/div><\/div><\/div><\/div><\/div><\/div><\/div><\/div><\/div><div class=\"mkdf-row-parallax-background-elements-holder mkdf-parallax-elements-top\"><div class=\"mkdf-row-parallax-right\"><img decoding=\"async\" class=\"mkdf-row-parallax-element\" src=\"https:\/\/loveandpaper.ro\/wp-content\/uploads\/2018\/08\/kitchen-right-img.jpg\" alt=\"Right Parallax Background Element\"\/><\/div><\/div><\/div><div class=\"vc_row wpb_row vc_row-fluid vc_column-gap-35\" ><div class=\"wpb_animate_when_almost_visible wpb_fadeInUp fadeInUp wpb_column vc_column_container vc_col-sm-12\"><div class=\"vc_column-inner vc_custom_1741034001211\"><div class=\"wpb_wrapper\"><div class=\"mkdf-row-grid-section-wrapper\" ><div class=\"mkdf-row-grid-section\"><div class=\"vc_row wpb_row vc_inner vc_row-fluid vc_column-gap-35 vc_row-o-content-middle vc_row-flex\" ><div class=\"wpb_column vc_column_container vc_col-sm-6 vc_col-has-fill\"><div class=\"vc_column-inner vc_custom_1741032284393\"><div class=\"wpb_wrapper\"><div class=\"mkdf-section-title-holder  mkdf-st-standard mkdf-st-title-left mkdf-st-normal-space\" >\n\t<div class=\"mkdf-st-inner\">\n\t\t\t\t\t<h2 class=\"mkdf-st-title\" >\n\t\t\t\t<span class=\"mkdf-st-title-bold\">Formular<\/span> <span class=\"mkdf-st-title-bold\">comand\u0103<\/span>\t\t\t<\/h2>\n\t\t    <span class=\"mkdf-st-line\" ><\/span>\n    <div class=\"mkdf-st-text\" >\n            <\/div>\n\t<\/div>\n<\/div>\n<div class=\"wpcf7 no-js\" id=\"wpcf7-f4054-o1\" lang=\"ro-RO\" dir=\"ltr\" data-wpcf7-id=\"4054\">\n<div class=\"screen-reader-response\"><p role=\"status\" aria-live=\"polite\" aria-atomic=\"true\"><\/p> <ul><\/ul><\/div>\n<form action=\"\/ro\/wp-json\/wp\/v2\/pages\/3483#wpcf7-f4054-o1\" method=\"post\" class=\"wpcf7-form init\" aria-label=\"Formular de contact\" novalidate=\"novalidate\" data-status=\"init\" data-trp-original-action=\"\/ro\/wp-json\/wp\/v2\/pages\/3483#wpcf7-f4054-o1\">\n<fieldset class=\"hidden-fields-container\"><input type=\"hidden\" name=\"_wpcf7\" value=\"4054\" \/><input type=\"hidden\" name=\"_wpcf7_version\" value=\"6.1.5\" \/><input type=\"hidden\" name=\"_wpcf7_locale\" value=\"ro_RO\" \/><input type=\"hidden\" name=\"_wpcf7_unit_tag\" value=\"wpcf7-f4054-o1\" \/><input type=\"hidden\" name=\"_wpcf7_container_post\" value=\"0\" \/><input type=\"hidden\" name=\"_wpcf7_posted_data_hash\" value=\"\" \/>\n<\/fieldset>\n<p><label> Nume<br \/>\n<span class=\"wpcf7-form-control-wrap\" data-name=\"your-name\"><input size=\"40\" maxlength=\"400\" class=\"wpcf7-form-control wpcf7-text wpcf7-validates-as-required\" autocomplete=\"name\" aria-required=\"true\" aria-invalid=\"false\" value=\"\" type=\"text\" name=\"your-name\" \/><\/span> <\/label>\n<\/p>\n<p><label> Email<br \/>\n<span class=\"wpcf7-form-control-wrap\" data-name=\"your-email\"><input size=\"40\" maxlength=\"400\" class=\"wpcf7-form-control wpcf7-email wpcf7-validates-as-required wpcf7-text wpcf7-validates-as-email\" autocomplete=\"email\" aria-required=\"true\" aria-invalid=\"false\" value=\"\" type=\"email\" name=\"your-email\" \/><\/span> <\/label>\n<\/p>\n<p><label> Subiect<br \/>\n<span class=\"wpcf7-form-control-wrap\" data-name=\"subject\"><input size=\"40\" maxlength=\"400\" class=\"wpcf7-form-control wpcf7-text\" aria-invalid=\"false\" value=\"\" type=\"text\" name=\"subject\" \/><\/span> <\/label>\n<\/p>\n<p><label> DETALII:<br \/>\n<span class=\"wpcf7-form-control-wrap\" data-name=\"details\"><textarea cols=\"40\" rows=\"10\" maxlength=\"2000\" class=\"wpcf7-form-control wpcf7-textarea\" aria-invalid=\"false\" name=\"details\"><\/textarea><\/span> <\/label>\n<\/p>\n<p><input class=\"wpcf7-form-control wpcf7-submit has-spinner\" type=\"submit\" value=\"Trimite\" \/>\n<\/p><div class=\"wpcf7-response-output\" aria-hidden=\"true\"><\/div>\n<input type=\"hidden\" name=\"trp-form-language\" value=\"ro\"\/><\/form>\n<\/div>\n<\/div><\/div><\/div><div class=\"wpb_column vc_column_container vc_col-sm-6 vc_col-lg-6 vc_col-md-12\"><div class=\"vc_column-inner vc_custom_1741032403372\"><div class=\"wpb_wrapper\"><div class=\"mkdf-section-title-holder  mkdf-st-standard mkdf-st-title-left mkdf-st-normal-space\" style=\"text-align: left\">\n\t<div class=\"mkdf-st-inner\">\n\t\t\t\t\t<h2 class=\"mkdf-st-title\" >\n\t\t\t\tHai s\u0103 <span class=\"mkdf-st-title-bold\">colabor\u0103m!<\/span>\t\t\t<\/h2>\n\t\t    <span class=\"mkdf-st-line\" ><\/span>\n    <div class=\"mkdf-st-text\" >\n        \n<p style=\"font-family: Open Sans;\">Dac\u0103 dore\u0219ti sa colabor\u0103m, nu ezita s\u0103 \u00eemi scrii pe<span style=\"text-decoration: underline;\"><a href=\"mailto:contact@loveandpaper.ro\" target=\"_blank\" rel=\"noopener\"> e-mail<\/a><\/span> sau s\u0103 completezi <span style=\"text-decoration: underline;\"><a href=\"https:\/\/loveandpaper.ro\/ro\/inquiry-form\/\">formularul de comand\u0103 <\/a><\/span>pentru a programa o discu\u021bie despre evenimentul t\u0103u \u0219i despre viziunea pe care o ai legat\u0103 de papet\u0103rie. \u00cen urma discu\u021biei, vei putea rezerva un loc \u00een calendarul de produc\u021bie Love &amp; Paper.<\/p>\n<p style=\"font-family: Open Sans;\">Prelu\u0103m un numar limitat de comenzi pe an, deoarece dorim s\u0103 v\u0103 oferim o exeperien\u021b\u0103 desavar\u0219it\u0103 \u0219i s\u0103 ne putem concentra pe toate detaliile, consult\u00e2ndu-v\u0103 la fiecare pas \u00een realizarea produselor comandate.<\/p>\n    <\/div>\n\t<\/div>\n<\/div><\/div><\/div><\/div><\/div><\/div><\/div><\/div><\/div><\/div><\/div>\n<\/section>","protected":false},"excerpt":{"rendered":"Hello! I\u2019m Evelin and I am so glad you\u2019re here! My name is Evelin. I am a loving wife, a mother of two great boys (my little helpers) and the owner &amp; designer behind LOVE &amp; PAPER. So.. How did [...]","protected":false},"author":1,"featured_media":0,"parent":0,"menu_order":0,"comment_status":"closed","ping_status":"closed","template":"","meta":{"footnotes":""},"class_list":["post-3483","page","type-page","status-publish","hentry"],"_links":{"self":[{"href":"https:\/\/loveandpaper.ro\/ro\/wp-json\/wp\/v2\/pages\/3483","targetHints":{"allow":["GET"]}}],"collection":[{"href":"https:\/\/loveandpaper.ro\/ro\/wp-json\/wp\/v2\/pages"}],"about":[{"href":"https:\/\/loveandpaper.ro\/ro\/wp-json\/wp\/v2\/types\/page"}],"author":[{"embeddable":true,"href":"https:\/\/loveandpaper.ro\/ro\/wp-json\/wp\/v2\/users\/1"}],"replies":[{"embeddable":true,"href":"https:\/\/loveandpaper.ro\/ro\/wp-json\/wp\/v2\/comments?post=3483"}],"version-history":[{"count":115,"href":"https:\/\/loveandpaper.ro\/ro\/wp-json\/wp\/v2\/pages\/3483\/revisions"}],"predecessor-version":[{"id":4382,"href":"https:\/\/loveandpaper.ro\/ro\/wp-json\/wp\/v2\/pages\/3483\/revisions\/4382"}],"wp:attachment":[{"href":"https:\/\/loveandpaper.ro\/ro\/wp-json\/wp\/v2\/media?parent=3483"}],"curies":[{"name":"wp","href":"https:\/\/api.w.org\/{rel}","templated":true}]}}