





{"id":3566,"date":"2024-07-03T11:03:36","date_gmt":"2024-07-03T11:03:36","guid":{"rendered":"https:\/\/loveandpaper.ro\/?page_id=3566"},"modified":"2025-03-09T13:29:41","modified_gmt":"2025-03-09T13:29:41","slug":"invitations","status":"publish","type":"page","link":"https:\/\/loveandpaper.ro\/ro\/invitations\/","title":{"rendered":"Invita\u021bii"},"content":{"rendered":"<section class=\"wpb-content-wrapper\"><div class=\"vc_row wpb_row vc_row-fluid vc_column-gap-35 vc_row-o-equal-height vc_row-o-content-top vc_row-flex\" ><div class=\"wpb_animate_when_almost_visible wpb_fadeInUp fadeInUp wpb_column vc_column_container vc_col-sm-12\"><div class=\"vc_column-inner\"><div class=\"wpb_wrapper\"><div class=\"mkdf-row-grid-section-wrapper\" ><div class=\"mkdf-row-grid-section\"><div class=\"vc_row wpb_row vc_inner vc_row-fluid vc_custom_1741167601175 vc_column-gap-35\" ><div class=\"wpb_column vc_column_container vc_col-sm-12 vc_col-lg-6 vc_col-md-12\"><div class=\"vc_column-inner vc_custom_1741031908944\"><div class=\"wpb_wrapper\"><div class=\"mkdf-single-image-holder\" data-parallax=\"{&quot;y&quot;: 70, &quot;smoothness&quot;: 20}\">\n    <div class=\"mkdf-si-inner\" >\n                                    <img loading=\"lazy\" decoding=\"async\" width=\"1125\" height=\"1639\" src=\"https:\/\/loveandpaper.ro\/wp-content\/uploads\/2025\/03\/h1.jpg\" class=\"attachment-full size-full\" alt=\"\" srcset=\"https:\/\/loveandpaper.ro\/wp-content\/uploads\/2025\/03\/h1.jpg 1125w, https:\/\/loveandpaper.ro\/wp-content\/uploads\/2025\/03\/h1-206x300.jpg 206w, https:\/\/loveandpaper.ro\/wp-content\/uploads\/2025\/03\/h1-703x1024.jpg 703w, https:\/\/loveandpaper.ro\/wp-content\/uploads\/2025\/03\/h1-768x1119.jpg 768w, https:\/\/loveandpaper.ro\/wp-content\/uploads\/2025\/03\/h1-1054x1536.jpg 1054w, https:\/\/loveandpaper.ro\/wp-content\/uploads\/2025\/03\/h1-8x12.jpg 8w\" sizes=\"auto, (max-width: 1125px) 100vw, 1125px\" \/>                        <\/div>\n<\/div><\/div><\/div><\/div><div class=\"wpb_column vc_column_container vc_col-sm-12 vc_col-lg-6 vc_col-md-12\"><div class=\"vc_column-inner\"><div class=\"wpb_wrapper\"><div class=\"mkdf-section-title-holder customtitle mkdf-st-standard mkdf-st-title-left mkdf-st-normal-space\" style=\"text-align: left\">\n\t<div class=\"mkdf-st-inner\">\n\t\t\t\t\t<h2 class=\"mkdf-st-title\" style=\"color: #c72c48\">\n\t\t\t\tINVITA\u021aII\t\t\t<\/h2>\n\t\t    <span class=\"mkdf-st-line\" ><\/span>\n    <div class=\"mkdf-st-text\" >\n        \n<p style=\"font-family: 'Dancing Script', cursive; color: #c72c48; font-size: 22px;\"><strong><em>Invita\u021bii de nunt\u0103 pe care s\u0103 le p\u0103strezi \u0219i s\u0103 le pre\u021buie\u0219ti o via\u021b\u0103\u2026<\/em><\/strong><\/p>\n<p>&nbsp;<\/p>\n<p style=\"font-family: Open Sans;\">\u00cemi place s\u0103 fiu implicat\u0103 \u00een \u00eentregul proces creativ: de la design, la asamblare. \u00cemi doresc s\u0103 creez invita\u021bii ORIGINALE, care s\u0103 reflecte estetica unic\u0103 \u0219i povestea fiec\u0103rui cuplu cu care colaborez. Prin urmare, \u00eemi pute\u021bi spune viziunea voastr\u0103 \u0219i voi fi bucuroas\u0103 s\u0103 creez ceea ce v\u0103 dori\u021bi!<\/p>\n<p style=\"font-family: Open Sans;\">Toat\u0103 munca este realizat\u0103 manual, astfel c\u0103 fiecare obiect este unic \u0219i, cel mai important, personalizat conform preferin\u021belor tale. Scopul meu este s\u0103 realizez invita\u021bii care s\u0103 v\u0103 reprezinte \u0219i s\u0103 se \u00eencadreze, \u00een acela\u0219i timp, \u00een linia noastr\u0103 estetic\u0103. De aceea, selectez materiale calitative, f\u0103urite cu mare art\u0103 de artizani locali \u0219i din afara \u021b\u0103rii \u0219i utilizez o paleta larg\u0103 de tehnici &amp; aparatur\u0103 de imprimare.<\/p>\n<p style=\"font-family: Open Sans;\">Invita\u021bia are un rol deosebit de important, fiind cartea de vizit\u0103 a evenimentului pe care \u00eel organiza\u021bi. Ea poate comunica multe aspecte legate de stilul, atmosfera \u0219i cromatica evenimentului. F\u0103urit\u0103 cu aten\u021bie, cu materiale de calitate, poate constitui un OBIECT DE ART\u0102 \u0219i, mai apoi, o AMINTIRE DE NEPRE\u021aUIT.<\/p>\n    <\/div>\n\t<\/div>\n<\/div><\/div><\/div><\/div><\/div><\/div><\/div><\/div><\/div><\/div><div class=\"mkdf-row-parallax-background-elements-holder mkdf-parallax-elements-top\"><\/div><\/div><div class=\"vc_row wpb_row vc_row-fluid wpb_animate_when_almost_visible wpb_fadeInUp fadeInUp\" ><div class=\"wpb_animate_when_almost_visible wpb_fadeInUp fadeInUp wpb_column vc_column_container vc_col-sm-12\"><div class=\"vc_column-inner vc_custom_1741199538751\"><div class=\"wpb_wrapper\"><div class=\"mkdf-image-gallery mkdf-grid-list mkdf-disable-bottom-space  mkdf-ig-grid-type mkdf-three-columns mkdf-small-space  mkdf-image-behavior-lightbox\">\n\t<div class=\"mkdf-ig-inner mkdf-outer-space\">\n\t\t\t\t\t<div class=\"mkdf-ig-image mkdf-item-space\">\n\t\t\t\t<div class=\"mkdf-ig-image-inner\">\n\t\t\t\t\t\t\t\t\t\t\t<a itemprop=\"image\" class=\"mkdf-ig-lightbox\" href=\"https:\/\/loveandpaper.ro\/wp-content\/uploads\/2025\/03\/INV01.jpg\" data-rel=\"prettyPhoto[image_gallery_pretty_photo-845]\" title=\"INV01\">\n\t\t\t\t\t\t\t\t\t\t\t<img loading=\"lazy\" decoding=\"async\" src=\"https:\/\/loveandpaper.ro\/wp-content\/uploads\/2025\/03\/INV01-1200x1200.jpg\" alt=\"\" width=\"1200\" height=\"1200\" \/>\t\t\t\t\t\t\t\t\t\t\t<\/a>\n\t\t\t\t\t\t\t\t\t<\/div>\n\t\t\t<\/div>\n\t\t\t\t\t<div class=\"mkdf-ig-image mkdf-item-space\">\n\t\t\t\t<div class=\"mkdf-ig-image-inner\">\n\t\t\t\t\t\t\t\t\t\t\t<a itemprop=\"image\" class=\"mkdf-ig-lightbox\" href=\"https:\/\/loveandpaper.ro\/wp-content\/uploads\/2025\/03\/INV02.jpg\" data-rel=\"prettyPhoto[image_gallery_pretty_photo-845]\" title=\"INV02\">\n\t\t\t\t\t\t\t\t\t\t\t<img loading=\"lazy\" decoding=\"async\" src=\"https:\/\/loveandpaper.ro\/wp-content\/uploads\/2025\/03\/INV02-1200x1200.jpg\" alt=\"\" width=\"1200\" height=\"1200\" \/>\t\t\t\t\t\t\t\t\t\t\t<\/a>\n\t\t\t\t\t\t\t\t\t<\/div>\n\t\t\t<\/div>\n\t\t\t\t\t<div class=\"mkdf-ig-image mkdf-item-space\">\n\t\t\t\t<div class=\"mkdf-ig-image-inner\">\n\t\t\t\t\t\t\t\t\t\t\t<a itemprop=\"image\" class=\"mkdf-ig-lightbox\" href=\"https:\/\/loveandpaper.ro\/wp-content\/uploads\/2025\/03\/INV03-scaled.jpg\" data-rel=\"prettyPhoto[image_gallery_pretty_photo-845]\" title=\"INV03\">\n\t\t\t\t\t\t\t\t\t\t\t<img loading=\"lazy\" decoding=\"async\" src=\"https:\/\/loveandpaper.ro\/wp-content\/uploads\/2025\/03\/INV03-scaled-1200x1200.jpg\" alt=\"\" width=\"1200\" height=\"1200\" \/>\t\t\t\t\t\t\t\t\t\t\t<\/a>\n\t\t\t\t\t\t\t\t\t<\/div>\n\t\t\t<\/div>\n\t\t\t\t\t<div class=\"mkdf-ig-image mkdf-item-space\">\n\t\t\t\t<div class=\"mkdf-ig-image-inner\">\n\t\t\t\t\t\t\t\t\t\t\t<a itemprop=\"image\" class=\"mkdf-ig-lightbox\" href=\"https:\/\/loveandpaper.ro\/wp-content\/uploads\/2025\/03\/INV04.jpg\" data-rel=\"prettyPhoto[image_gallery_pretty_photo-845]\" title=\"INV04\">\n\t\t\t\t\t\t\t\t\t\t\t<img loading=\"lazy\" decoding=\"async\" src=\"https:\/\/loveandpaper.ro\/wp-content\/uploads\/2025\/03\/INV04-1200x1200.jpg\" alt=\"\" width=\"1200\" height=\"1200\" \/>\t\t\t\t\t\t\t\t\t\t\t<\/a>\n\t\t\t\t\t\t\t\t\t<\/div>\n\t\t\t<\/div>\n\t\t\t\t\t<div class=\"mkdf-ig-image mkdf-item-space\">\n\t\t\t\t<div class=\"mkdf-ig-image-inner\">\n\t\t\t\t\t\t\t\t\t\t\t<a itemprop=\"image\" class=\"mkdf-ig-lightbox\" href=\"https:\/\/loveandpaper.ro\/wp-content\/uploads\/2025\/03\/INV05.jpg\" data-rel=\"prettyPhoto[image_gallery_pretty_photo-845]\" title=\"INV05\">\n\t\t\t\t\t\t\t\t\t\t\t<img loading=\"lazy\" decoding=\"async\" src=\"https:\/\/loveandpaper.ro\/wp-content\/uploads\/2025\/03\/INV05-1200x1200.jpg\" alt=\"\" width=\"1200\" height=\"1200\" \/>\t\t\t\t\t\t\t\t\t\t\t<\/a>\n\t\t\t\t\t\t\t\t\t<\/div>\n\t\t\t<\/div>\n\t\t\t\t\t<div class=\"mkdf-ig-image mkdf-item-space\">\n\t\t\t\t<div class=\"mkdf-ig-image-inner\">\n\t\t\t\t\t\t\t\t\t\t\t<a itemprop=\"image\" class=\"mkdf-ig-lightbox\" href=\"https:\/\/loveandpaper.ro\/wp-content\/uploads\/2025\/03\/INV06.jpg\" data-rel=\"prettyPhoto[image_gallery_pretty_photo-845]\" title=\"INV06\">\n\t\t\t\t\t\t\t\t\t\t\t<img loading=\"lazy\" decoding=\"async\" src=\"https:\/\/loveandpaper.ro\/wp-content\/uploads\/2025\/03\/INV06-1200x1200.jpg\" alt=\"\" width=\"1200\" height=\"1200\" \/>\t\t\t\t\t\t\t\t\t\t\t<\/a>\n\t\t\t\t\t\t\t\t\t<\/div>\n\t\t\t<\/div>\n\t\t\t\t\t<div class=\"mkdf-ig-image mkdf-item-space\">\n\t\t\t\t<div class=\"mkdf-ig-image-inner\">\n\t\t\t\t\t\t\t\t\t\t\t<a itemprop=\"image\" class=\"mkdf-ig-lightbox\" href=\"https:\/\/loveandpaper.ro\/wp-content\/uploads\/2025\/03\/INV07.jpg\" data-rel=\"prettyPhoto[image_gallery_pretty_photo-845]\" title=\"INV07\">\n\t\t\t\t\t\t\t\t\t\t\t<img loading=\"lazy\" decoding=\"async\" src=\"https:\/\/loveandpaper.ro\/wp-content\/uploads\/2025\/03\/INV07-1200x1200.jpg\" alt=\"\" width=\"1200\" height=\"1200\" \/>\t\t\t\t\t\t\t\t\t\t\t<\/a>\n\t\t\t\t\t\t\t\t\t<\/div>\n\t\t\t<\/div>\n\t\t\t\t\t<div class=\"mkdf-ig-image mkdf-item-space\">\n\t\t\t\t<div class=\"mkdf-ig-image-inner\">\n\t\t\t\t\t\t\t\t\t\t\t<a itemprop=\"image\" class=\"mkdf-ig-lightbox\" href=\"https:\/\/loveandpaper.ro\/wp-content\/uploads\/2025\/03\/INV08.jpg\" data-rel=\"prettyPhoto[image_gallery_pretty_photo-845]\" title=\"INV08\">\n\t\t\t\t\t\t\t\t\t\t\t<img loading=\"lazy\" decoding=\"async\" src=\"https:\/\/loveandpaper.ro\/wp-content\/uploads\/2025\/03\/INV08-1200x1200.jpg\" alt=\"\" width=\"1200\" height=\"1200\" \/>\t\t\t\t\t\t\t\t\t\t\t<\/a>\n\t\t\t\t\t\t\t\t\t<\/div>\n\t\t\t<\/div>\n\t\t\t\t\t<div class=\"mkdf-ig-image mkdf-item-space\">\n\t\t\t\t<div class=\"mkdf-ig-image-inner\">\n\t\t\t\t\t\t\t\t\t\t\t<a itemprop=\"image\" class=\"mkdf-ig-lightbox\" href=\"https:\/\/loveandpaper.ro\/wp-content\/uploads\/2025\/03\/INV09.jpg\" data-rel=\"prettyPhoto[image_gallery_pretty_photo-845]\" title=\"INV09\">\n\t\t\t\t\t\t\t\t\t\t\t<img loading=\"lazy\" decoding=\"async\" src=\"https:\/\/loveandpaper.ro\/wp-content\/uploads\/2025\/03\/INV09-1200x1200.jpg\" alt=\"\" width=\"1200\" height=\"1200\" \/>\t\t\t\t\t\t\t\t\t\t\t<\/a>\n\t\t\t\t\t\t\t\t\t<\/div>\n\t\t\t<\/div>\n\t\t\t\t\t<div class=\"mkdf-ig-image mkdf-item-space\">\n\t\t\t\t<div class=\"mkdf-ig-image-inner\">\n\t\t\t\t\t\t\t\t\t\t\t<a itemprop=\"image\" class=\"mkdf-ig-lightbox\" href=\"https:\/\/loveandpaper.ro\/wp-content\/uploads\/2025\/03\/INV10.jpg\" data-rel=\"prettyPhoto[image_gallery_pretty_photo-845]\" title=\"INV10\">\n\t\t\t\t\t\t\t\t\t\t\t<img loading=\"lazy\" decoding=\"async\" src=\"https:\/\/loveandpaper.ro\/wp-content\/uploads\/2025\/03\/INV10-1200x1200.jpg\" alt=\"\" width=\"1200\" height=\"1200\" \/>\t\t\t\t\t\t\t\t\t\t\t<\/a>\n\t\t\t\t\t\t\t\t\t<\/div>\n\t\t\t<\/div>\n\t\t\t\t\t<div class=\"mkdf-ig-image mkdf-item-space\">\n\t\t\t\t<div class=\"mkdf-ig-image-inner\">\n\t\t\t\t\t\t\t\t\t\t\t<a itemprop=\"image\" class=\"mkdf-ig-lightbox\" href=\"https:\/\/loveandpaper.ro\/wp-content\/uploads\/2025\/03\/INV11.jpg\" data-rel=\"prettyPhoto[image_gallery_pretty_photo-845]\" title=\"INV11\">\n\t\t\t\t\t\t\t\t\t\t\t<img loading=\"lazy\" decoding=\"async\" src=\"https:\/\/loveandpaper.ro\/wp-content\/uploads\/2025\/03\/INV11-1200x1200.jpg\" alt=\"\" width=\"1200\" height=\"1200\" \/>\t\t\t\t\t\t\t\t\t\t\t<\/a>\n\t\t\t\t\t\t\t\t\t<\/div>\n\t\t\t<\/div>\n\t\t\t\t\t<div class=\"mkdf-ig-image mkdf-item-space\">\n\t\t\t\t<div class=\"mkdf-ig-image-inner\">\n\t\t\t\t\t\t\t\t\t\t\t<a itemprop=\"image\" class=\"mkdf-ig-lightbox\" href=\"https:\/\/loveandpaper.ro\/wp-content\/uploads\/2025\/03\/INV12-scaled.jpg\" data-rel=\"prettyPhoto[image_gallery_pretty_photo-845]\" title=\"INV12\">\n\t\t\t\t\t\t\t\t\t\t\t<img loading=\"lazy\" decoding=\"async\" src=\"https:\/\/loveandpaper.ro\/wp-content\/uploads\/2025\/03\/INV12-scaled-1200x1200.jpg\" alt=\"\" width=\"1200\" height=\"1200\" \/>\t\t\t\t\t\t\t\t\t\t\t<\/a>\n\t\t\t\t\t\t\t\t\t<\/div>\n\t\t\t<\/div>\n\t\t\t\t\t<div class=\"mkdf-ig-image mkdf-item-space\">\n\t\t\t\t<div class=\"mkdf-ig-image-inner\">\n\t\t\t\t\t\t\t\t\t\t\t<a itemprop=\"image\" class=\"mkdf-ig-lightbox\" href=\"https:\/\/loveandpaper.ro\/wp-content\/uploads\/2025\/03\/INV13.jpg\" data-rel=\"prettyPhoto[image_gallery_pretty_photo-845]\" title=\"INV13\">\n\t\t\t\t\t\t\t\t\t\t\t<img loading=\"lazy\" decoding=\"async\" src=\"https:\/\/loveandpaper.ro\/wp-content\/uploads\/2025\/03\/INV13-1200x1200.jpg\" alt=\"\" width=\"1200\" height=\"1200\" \/>\t\t\t\t\t\t\t\t\t\t\t<\/a>\n\t\t\t\t\t\t\t\t\t<\/div>\n\t\t\t<\/div>\n\t\t\t\t\t<div class=\"mkdf-ig-image mkdf-item-space\">\n\t\t\t\t<div class=\"mkdf-ig-image-inner\">\n\t\t\t\t\t\t\t\t\t\t\t<a itemprop=\"image\" class=\"mkdf-ig-lightbox\" href=\"https:\/\/loveandpaper.ro\/wp-content\/uploads\/2025\/03\/INV14.jpg\" data-rel=\"prettyPhoto[image_gallery_pretty_photo-845]\" title=\"INV14\">\n\t\t\t\t\t\t\t\t\t\t\t<img loading=\"lazy\" decoding=\"async\" src=\"https:\/\/loveandpaper.ro\/wp-content\/uploads\/2025\/03\/INV14-1200x1200.jpg\" alt=\"\" width=\"1200\" height=\"1200\" \/>\t\t\t\t\t\t\t\t\t\t\t<\/a>\n\t\t\t\t\t\t\t\t\t<\/div>\n\t\t\t<\/div>\n\t\t\t\t\t<div class=\"mkdf-ig-image mkdf-item-space\">\n\t\t\t\t<div class=\"mkdf-ig-image-inner\">\n\t\t\t\t\t\t\t\t\t\t\t<a itemprop=\"image\" class=\"mkdf-ig-lightbox\" href=\"https:\/\/loveandpaper.ro\/wp-content\/uploads\/2025\/03\/INV15.jpg\" data-rel=\"prettyPhoto[image_gallery_pretty_photo-845]\" title=\"INV15\">\n\t\t\t\t\t\t\t\t\t\t\t<img loading=\"lazy\" decoding=\"async\" src=\"https:\/\/loveandpaper.ro\/wp-content\/uploads\/2025\/03\/INV15-1200x1200.jpg\" alt=\"\" width=\"1200\" height=\"1200\" \/>\t\t\t\t\t\t\t\t\t\t\t<\/a>\n\t\t\t\t\t\t\t\t\t<\/div>\n\t\t\t<\/div>\n\t\t\t\t\t<div class=\"mkdf-ig-image mkdf-item-space\">\n\t\t\t\t<div class=\"mkdf-ig-image-inner\">\n\t\t\t\t\t\t\t\t\t\t\t<a itemprop=\"image\" class=\"mkdf-ig-lightbox\" href=\"https:\/\/loveandpaper.ro\/wp-content\/uploads\/2025\/03\/INV16.jpg\" data-rel=\"prettyPhoto[image_gallery_pretty_photo-845]\" title=\"INV16\">\n\t\t\t\t\t\t\t\t\t\t\t<img loading=\"lazy\" decoding=\"async\" src=\"https:\/\/loveandpaper.ro\/wp-content\/uploads\/2025\/03\/INV16-1200x1200.jpg\" alt=\"\" width=\"1200\" height=\"1200\" \/>\t\t\t\t\t\t\t\t\t\t\t<\/a>\n\t\t\t\t\t\t\t\t\t<\/div>\n\t\t\t<\/div>\n\t\t\t\t\t<div class=\"mkdf-ig-image mkdf-item-space\">\n\t\t\t\t<div class=\"mkdf-ig-image-inner\">\n\t\t\t\t\t\t\t\t\t\t\t<a itemprop=\"image\" class=\"mkdf-ig-lightbox\" href=\"https:\/\/loveandpaper.ro\/wp-content\/uploads\/2025\/03\/INV17.jpg\" data-rel=\"prettyPhoto[image_gallery_pretty_photo-845]\" title=\"INV17\">\n\t\t\t\t\t\t\t\t\t\t\t<img loading=\"lazy\" decoding=\"async\" src=\"https:\/\/loveandpaper.ro\/wp-content\/uploads\/2025\/03\/INV17-1200x1200.jpg\" alt=\"\" width=\"1200\" height=\"1200\" \/>\t\t\t\t\t\t\t\t\t\t\t<\/a>\n\t\t\t\t\t\t\t\t\t<\/div>\n\t\t\t<\/div>\n\t\t\t\t\t<div class=\"mkdf-ig-image mkdf-item-space\">\n\t\t\t\t<div class=\"mkdf-ig-image-inner\">\n\t\t\t\t\t\t\t\t\t\t\t<a itemprop=\"image\" class=\"mkdf-ig-lightbox\" href=\"https:\/\/loveandpaper.ro\/wp-content\/uploads\/2025\/03\/INV18-.jpg\" data-rel=\"prettyPhoto[image_gallery_pretty_photo-845]\" title=\"INV18\">\n\t\t\t\t\t\t\t\t\t\t\t<img loading=\"lazy\" decoding=\"async\" src=\"https:\/\/loveandpaper.ro\/wp-content\/uploads\/2025\/03\/INV18--1200x1200.jpg\" alt=\"\" width=\"1200\" height=\"1200\" \/>\t\t\t\t\t\t\t\t\t\t\t<\/a>\n\t\t\t\t\t\t\t\t\t<\/div>\n\t\t\t<\/div>\n\t\t\t\t\t<div class=\"mkdf-ig-image mkdf-item-space\">\n\t\t\t\t<div class=\"mkdf-ig-image-inner\">\n\t\t\t\t\t\t\t\t\t\t\t<a itemprop=\"image\" class=\"mkdf-ig-lightbox\" href=\"https:\/\/loveandpaper.ro\/wp-content\/uploads\/2025\/03\/INV19.jpg\" data-rel=\"prettyPhoto[image_gallery_pretty_photo-845]\" title=\"INV19\">\n\t\t\t\t\t\t\t\t\t\t\t<img loading=\"lazy\" decoding=\"async\" src=\"https:\/\/loveandpaper.ro\/wp-content\/uploads\/2025\/03\/INV19-1200x1200.jpg\" alt=\"\" width=\"1200\" height=\"1200\" \/>\t\t\t\t\t\t\t\t\t\t\t<\/a>\n\t\t\t\t\t\t\t\t\t<\/div>\n\t\t\t<\/div>\n\t\t\t\t\t<div class=\"mkdf-ig-image mkdf-item-space\">\n\t\t\t\t<div class=\"mkdf-ig-image-inner\">\n\t\t\t\t\t\t\t\t\t\t\t<a itemprop=\"image\" class=\"mkdf-ig-lightbox\" href=\"https:\/\/loveandpaper.ro\/wp-content\/uploads\/2025\/03\/INV20.jpg\" data-rel=\"prettyPhoto[image_gallery_pretty_photo-845]\" title=\"INV20\">\n\t\t\t\t\t\t\t\t\t\t\t<img loading=\"lazy\" decoding=\"async\" src=\"https:\/\/loveandpaper.ro\/wp-content\/uploads\/2025\/03\/INV20-1200x1200.jpg\" alt=\"\" width=\"1200\" height=\"1200\" \/>\t\t\t\t\t\t\t\t\t\t\t<\/a>\n\t\t\t\t\t\t\t\t\t<\/div>\n\t\t\t<\/div>\n\t\t\t\t\t<div class=\"mkdf-ig-image mkdf-item-space\">\n\t\t\t\t<div class=\"mkdf-ig-image-inner\">\n\t\t\t\t\t\t\t\t\t\t\t<a itemprop=\"image\" class=\"mkdf-ig-lightbox\" href=\"https:\/\/loveandpaper.ro\/wp-content\/uploads\/2025\/03\/INV21.jpg\" data-rel=\"prettyPhoto[image_gallery_pretty_photo-845]\" title=\"INV21\">\n\t\t\t\t\t\t\t\t\t\t\t<img loading=\"lazy\" decoding=\"async\" src=\"https:\/\/loveandpaper.ro\/wp-content\/uploads\/2025\/03\/INV21-1200x1200.jpg\" alt=\"\" width=\"1200\" height=\"1200\" \/>\t\t\t\t\t\t\t\t\t\t\t<\/a>\n\t\t\t\t\t\t\t\t\t<\/div>\n\t\t\t<\/div>\n\t\t\t\t\t<div class=\"mkdf-ig-image mkdf-item-space\">\n\t\t\t\t<div class=\"mkdf-ig-image-inner\">\n\t\t\t\t\t\t\t\t\t\t\t<a itemprop=\"image\" class=\"mkdf-ig-lightbox\" href=\"https:\/\/loveandpaper.ro\/wp-content\/uploads\/2025\/03\/INV22.jpg\" data-rel=\"prettyPhoto[image_gallery_pretty_photo-845]\" title=\"INV22\">\n\t\t\t\t\t\t\t\t\t\t\t<img loading=\"lazy\" decoding=\"async\" src=\"https:\/\/loveandpaper.ro\/wp-content\/uploads\/2025\/03\/INV22-1200x1200.jpg\" alt=\"\" width=\"1200\" height=\"1200\" \/>\t\t\t\t\t\t\t\t\t\t\t<\/a>\n\t\t\t\t\t\t\t\t\t<\/div>\n\t\t\t<\/div>\n\t\t\t\t\t<div class=\"mkdf-ig-image mkdf-item-space\">\n\t\t\t\t<div class=\"mkdf-ig-image-inner\">\n\t\t\t\t\t\t\t\t\t\t\t<a itemprop=\"image\" class=\"mkdf-ig-lightbox\" href=\"https:\/\/loveandpaper.ro\/wp-content\/uploads\/2025\/03\/INV23-scaled.jpg\" data-rel=\"prettyPhoto[image_gallery_pretty_photo-845]\" title=\"INV23\">\n\t\t\t\t\t\t\t\t\t\t\t<img loading=\"lazy\" decoding=\"async\" src=\"https:\/\/loveandpaper.ro\/wp-content\/uploads\/2025\/03\/INV23-scaled-1200x1200.jpg\" alt=\"\" width=\"1200\" height=\"1200\" \/>\t\t\t\t\t\t\t\t\t\t\t<\/a>\n\t\t\t\t\t\t\t\t\t<\/div>\n\t\t\t<\/div>\n\t\t\t\t\t<div class=\"mkdf-ig-image mkdf-item-space\">\n\t\t\t\t<div class=\"mkdf-ig-image-inner\">\n\t\t\t\t\t\t\t\t\t\t\t<a itemprop=\"image\" class=\"mkdf-ig-lightbox\" href=\"https:\/\/loveandpaper.ro\/wp-content\/uploads\/2025\/03\/INV24.jpg\" data-rel=\"prettyPhoto[image_gallery_pretty_photo-845]\" title=\"INV24\">\n\t\t\t\t\t\t\t\t\t\t\t<img loading=\"lazy\" decoding=\"async\" src=\"https:\/\/loveandpaper.ro\/wp-content\/uploads\/2025\/03\/INV24-1200x1200.jpg\" alt=\"\" width=\"1200\" height=\"1200\" \/>\t\t\t\t\t\t\t\t\t\t\t<\/a>\n\t\t\t\t\t\t\t\t\t<\/div>\n\t\t\t<\/div>\n\t\t\t\t\t<div class=\"mkdf-ig-image mkdf-item-space\">\n\t\t\t\t<div class=\"mkdf-ig-image-inner\">\n\t\t\t\t\t\t\t\t\t\t\t<a itemprop=\"image\" class=\"mkdf-ig-lightbox\" href=\"https:\/\/loveandpaper.ro\/wp-content\/uploads\/2025\/03\/INV25.jpg\" data-rel=\"prettyPhoto[image_gallery_pretty_photo-845]\" title=\"INV25\">\n\t\t\t\t\t\t\t\t\t\t\t<img loading=\"lazy\" decoding=\"async\" src=\"https:\/\/loveandpaper.ro\/wp-content\/uploads\/2025\/03\/INV25-1200x1200.jpg\" alt=\"\" width=\"1200\" height=\"1200\" \/>\t\t\t\t\t\t\t\t\t\t\t<\/a>\n\t\t\t\t\t\t\t\t\t<\/div>\n\t\t\t<\/div>\n\t\t\t\t\t<div class=\"mkdf-ig-image mkdf-item-space\">\n\t\t\t\t<div class=\"mkdf-ig-image-inner\">\n\t\t\t\t\t\t\t\t\t\t\t<a itemprop=\"image\" class=\"mkdf-ig-lightbox\" href=\"https:\/\/loveandpaper.ro\/wp-content\/uploads\/2025\/03\/INV26.jpg\" data-rel=\"prettyPhoto[image_gallery_pretty_photo-845]\" title=\"INV26\">\n\t\t\t\t\t\t\t\t\t\t\t<img loading=\"lazy\" decoding=\"async\" src=\"https:\/\/loveandpaper.ro\/wp-content\/uploads\/2025\/03\/INV26-1200x1200.jpg\" alt=\"\" width=\"1200\" height=\"1200\" \/>\t\t\t\t\t\t\t\t\t\t\t<\/a>\n\t\t\t\t\t\t\t\t\t<\/div>\n\t\t\t<\/div>\n\t\t\t\t\t<div class=\"mkdf-ig-image mkdf-item-space\">\n\t\t\t\t<div class=\"mkdf-ig-image-inner\">\n\t\t\t\t\t\t\t\t\t\t\t<a itemprop=\"image\" class=\"mkdf-ig-lightbox\" href=\"https:\/\/loveandpaper.ro\/wp-content\/uploads\/2025\/03\/INV27.jpg\" data-rel=\"prettyPhoto[image_gallery_pretty_photo-845]\" title=\"INV27\">\n\t\t\t\t\t\t\t\t\t\t\t<img loading=\"lazy\" decoding=\"async\" src=\"https:\/\/loveandpaper.ro\/wp-content\/uploads\/2025\/03\/INV27-1200x1200.jpg\" alt=\"\" width=\"1200\" height=\"1200\" \/>\t\t\t\t\t\t\t\t\t\t\t<\/a>\n\t\t\t\t\t\t\t\t\t<\/div>\n\t\t\t<\/div>\n\t\t\t\t\t<div class=\"mkdf-ig-image mkdf-item-space\">\n\t\t\t\t<div class=\"mkdf-ig-image-inner\">\n\t\t\t\t\t\t\t\t\t\t\t<a itemprop=\"image\" class=\"mkdf-ig-lightbox\" href=\"https:\/\/loveandpaper.ro\/wp-content\/uploads\/2025\/03\/INV28.jpg\" data-rel=\"prettyPhoto[image_gallery_pretty_photo-845]\" title=\"INV28\">\n\t\t\t\t\t\t\t\t\t\t\t<img loading=\"lazy\" decoding=\"async\" src=\"https:\/\/loveandpaper.ro\/wp-content\/uploads\/2025\/03\/INV28-1200x1200.jpg\" alt=\"\" width=\"1200\" height=\"1200\" \/>\t\t\t\t\t\t\t\t\t\t\t<\/a>\n\t\t\t\t\t\t\t\t\t<\/div>\n\t\t\t<\/div>\n\t\t\t\t\t<div class=\"mkdf-ig-image mkdf-item-space\">\n\t\t\t\t<div class=\"mkdf-ig-image-inner\">\n\t\t\t\t\t\t\t\t\t\t\t<a itemprop=\"image\" class=\"mkdf-ig-lightbox\" href=\"https:\/\/loveandpaper.ro\/wp-content\/uploads\/2025\/03\/INV29-scaled.jpg\" data-rel=\"prettyPhoto[image_gallery_pretty_photo-845]\" title=\"INV29\">\n\t\t\t\t\t\t\t\t\t\t\t<img loading=\"lazy\" decoding=\"async\" src=\"https:\/\/loveandpaper.ro\/wp-content\/uploads\/2025\/03\/INV29-scaled-1200x1200.jpg\" alt=\"\" width=\"1200\" height=\"1200\" \/>\t\t\t\t\t\t\t\t\t\t\t<\/a>\n\t\t\t\t\t\t\t\t\t<\/div>\n\t\t\t<\/div>\n\t\t\t\t\t<div class=\"mkdf-ig-image mkdf-item-space\">\n\t\t\t\t<div class=\"mkdf-ig-image-inner\">\n\t\t\t\t\t\t\t\t\t\t\t<a itemprop=\"image\" class=\"mkdf-ig-lightbox\" href=\"https:\/\/loveandpaper.ro\/wp-content\/uploads\/2025\/03\/INV30.jpg\" data-rel=\"prettyPhoto[image_gallery_pretty_photo-845]\" title=\"INV30\">\n\t\t\t\t\t\t\t\t\t\t\t<img loading=\"lazy\" decoding=\"async\" src=\"https:\/\/loveandpaper.ro\/wp-content\/uploads\/2025\/03\/INV30-1200x1200.jpg\" alt=\"\" width=\"1200\" height=\"1200\" \/>\t\t\t\t\t\t\t\t\t\t\t<\/a>\n\t\t\t\t\t\t\t\t\t<\/div>\n\t\t\t<\/div>\n\t\t\t\t\t<div class=\"mkdf-ig-image mkdf-item-space\">\n\t\t\t\t<div class=\"mkdf-ig-image-inner\">\n\t\t\t\t\t\t\t\t\t\t\t<a itemprop=\"image\" class=\"mkdf-ig-lightbox\" href=\"https:\/\/loveandpaper.ro\/wp-content\/uploads\/2025\/03\/INV31-scaled.jpg\" data-rel=\"prettyPhoto[image_gallery_pretty_photo-845]\" title=\"INV31\">\n\t\t\t\t\t\t\t\t\t\t\t<img loading=\"lazy\" decoding=\"async\" src=\"https:\/\/loveandpaper.ro\/wp-content\/uploads\/2025\/03\/INV31-scaled-1200x1200.jpg\" alt=\"\" width=\"1200\" height=\"1200\" \/>\t\t\t\t\t\t\t\t\t\t\t<\/a>\n\t\t\t\t\t\t\t\t\t<\/div>\n\t\t\t<\/div>\n\t\t\t\t\t<div class=\"mkdf-ig-image mkdf-item-space\">\n\t\t\t\t<div class=\"mkdf-ig-image-inner\">\n\t\t\t\t\t\t\t\t\t\t\t<a itemprop=\"image\" class=\"mkdf-ig-lightbox\" href=\"https:\/\/loveandpaper.ro\/wp-content\/uploads\/2025\/03\/INV32.jpg\" data-rel=\"prettyPhoto[image_gallery_pretty_photo-845]\" title=\"INV32\">\n\t\t\t\t\t\t\t\t\t\t\t<img loading=\"lazy\" decoding=\"async\" src=\"https:\/\/loveandpaper.ro\/wp-content\/uploads\/2025\/03\/INV32-1200x1200.jpg\" alt=\"\" width=\"1200\" height=\"1200\" \/>\t\t\t\t\t\t\t\t\t\t\t<\/a>\n\t\t\t\t\t\t\t\t\t<\/div>\n\t\t\t<\/div>\n\t\t\t\t\t<div class=\"mkdf-ig-image mkdf-item-space\">\n\t\t\t\t<div class=\"mkdf-ig-image-inner\">\n\t\t\t\t\t\t\t\t\t\t\t<a itemprop=\"image\" class=\"mkdf-ig-lightbox\" href=\"https:\/\/loveandpaper.ro\/wp-content\/uploads\/2025\/03\/INV33.jpg\" data-rel=\"prettyPhoto[image_gallery_pretty_photo-845]\" title=\"INV33\">\n\t\t\t\t\t\t\t\t\t\t\t<img loading=\"lazy\" decoding=\"async\" src=\"https:\/\/loveandpaper.ro\/wp-content\/uploads\/2025\/03\/INV33-1200x1200.jpg\" alt=\"\" width=\"1200\" height=\"1200\" \/>\t\t\t\t\t\t\t\t\t\t\t<\/a>\n\t\t\t\t\t\t\t\t\t<\/div>\n\t\t\t<\/div>\n\t\t\t\t\t<div class=\"mkdf-ig-image mkdf-item-space\">\n\t\t\t\t<div class=\"mkdf-ig-image-inner\">\n\t\t\t\t\t\t\t\t\t\t\t<a itemprop=\"image\" class=\"mkdf-ig-lightbox\" href=\"https:\/\/loveandpaper.ro\/wp-content\/uploads\/2025\/03\/INV34.jpg\" data-rel=\"prettyPhoto[image_gallery_pretty_photo-845]\" title=\"INV34\">\n\t\t\t\t\t\t\t\t\t\t\t<img loading=\"lazy\" decoding=\"async\" src=\"https:\/\/loveandpaper.ro\/wp-content\/uploads\/2025\/03\/INV34-1200x1200.jpg\" alt=\"\" width=\"1200\" height=\"1200\" \/>\t\t\t\t\t\t\t\t\t\t\t<\/a>\n\t\t\t\t\t\t\t\t\t<\/div>\n\t\t\t<\/div>\n\t\t\t\t\t<div class=\"mkdf-ig-image mkdf-item-space\">\n\t\t\t\t<div class=\"mkdf-ig-image-inner\">\n\t\t\t\t\t\t\t\t\t\t\t<a itemprop=\"image\" class=\"mkdf-ig-lightbox\" href=\"https:\/\/loveandpaper.ro\/wp-content\/uploads\/2025\/03\/INV35.jpg\" data-rel=\"prettyPhoto[image_gallery_pretty_photo-845]\" title=\"INV35\">\n\t\t\t\t\t\t\t\t\t\t\t<img loading=\"lazy\" decoding=\"async\" src=\"https:\/\/loveandpaper.ro\/wp-content\/uploads\/2025\/03\/INV35-1200x1200.jpg\" alt=\"\" width=\"1200\" height=\"1200\" \/>\t\t\t\t\t\t\t\t\t\t\t<\/a>\n\t\t\t\t\t\t\t\t\t<\/div>\n\t\t\t<\/div>\n\t\t\t\t\t<div class=\"mkdf-ig-image mkdf-item-space\">\n\t\t\t\t<div class=\"mkdf-ig-image-inner\">\n\t\t\t\t\t\t\t\t\t\t\t<a itemprop=\"image\" class=\"mkdf-ig-lightbox\" href=\"https:\/\/loveandpaper.ro\/wp-content\/uploads\/2025\/03\/INV36.jpg\" data-rel=\"prettyPhoto[image_gallery_pretty_photo-845]\" title=\"INV36\">\n\t\t\t\t\t\t\t\t\t\t\t<img loading=\"lazy\" decoding=\"async\" src=\"https:\/\/loveandpaper.ro\/wp-content\/uploads\/2025\/03\/INV36-1200x1200.jpg\" alt=\"\" width=\"1200\" height=\"1200\" \/>\t\t\t\t\t\t\t\t\t\t\t<\/a>\n\t\t\t\t\t\t\t\t\t<\/div>\n\t\t\t<\/div>\n\t\t\t<\/div>\n<\/div><\/div><\/div><\/div><\/div>\n<\/section>","protected":false},"excerpt":{"rendered":"INVITATIONS Wedding stationery to have and to hold\u2026 &nbsp; I strive to create ORIGINAL stationery that captures the unique aesthetic and story of every couple I work with, ensuring each piece is artfully created from scratch with undeniable attention to [...]","protected":false},"author":1,"featured_media":0,"parent":0,"menu_order":0,"comment_status":"closed","ping_status":"closed","template":"","meta":{"footnotes":""},"class_list":["post-3566","page","type-page","status-publish","hentry"],"_links":{"self":[{"href":"https:\/\/loveandpaper.ro\/ro\/wp-json\/wp\/v2\/pages\/3566","targetHints":{"allow":["GET"]}}],"collection":[{"href":"https:\/\/loveandpaper.ro\/ro\/wp-json\/wp\/v2\/pages"}],"about":[{"href":"https:\/\/loveandpaper.ro\/ro\/wp-json\/wp\/v2\/types\/page"}],"author":[{"embeddable":true,"href":"https:\/\/loveandpaper.ro\/ro\/wp-json\/wp\/v2\/users\/1"}],"replies":[{"embeddable":true,"href":"https:\/\/loveandpaper.ro\/ro\/wp-json\/wp\/v2\/comments?post=3566"}],"version-history":[{"count":30,"href":"https:\/\/loveandpaper.ro\/ro\/wp-json\/wp\/v2\/pages\/3566\/revisions"}],"predecessor-version":[{"id":3858,"href":"https:\/\/loveandpaper.ro\/ro\/wp-json\/wp\/v2\/pages\/3566\/revisions\/3858"}],"wp:attachment":[{"href":"https:\/\/loveandpaper.ro\/ro\/wp-json\/wp\/v2\/media?parent=3566"}],"curies":[{"name":"wp","href":"https:\/\/api.w.org\/{rel}","templated":true}]}}