





{"id":3570,"date":"2024-07-03T11:04:15","date_gmt":"2024-07-03T11:04:15","guid":{"rendered":"https:\/\/loveandpaper.ro\/?page_id=3570"},"modified":"2025-03-10T06:20:57","modified_gmt":"2025-03-10T06:20:57","slug":"calligraphy","status":"publish","type":"page","link":"https:\/\/loveandpaper.ro\/ro\/calligraphy\/","title":{"rendered":"CALIGRAFIE"},"content":{"rendered":"<section class=\"wpb-content-wrapper\"><div class=\"vc_row wpb_row vc_row-fluid vc_column-gap-35 vc_row-o-equal-height vc_row-o-content-top vc_row-flex\" ><div class=\"wpb_animate_when_almost_visible wpb_fadeInUp fadeInUp wpb_column vc_column_container vc_col-sm-12\"><div class=\"vc_column-inner\"><div class=\"wpb_wrapper\"><div class=\"mkdf-row-grid-section-wrapper\" ><div class=\"mkdf-row-grid-section\"><div class=\"vc_row wpb_row vc_inner vc_row-fluid vc_custom_1741167601175 vc_column-gap-35\" ><div class=\"wpb_column vc_column_container vc_col-sm-12 vc_col-lg-6 vc_col-md-12\"><div class=\"vc_column-inner vc_custom_1741031908944\"><div class=\"wpb_wrapper\"><div class=\"mkdf-single-image-holder\" >\n    <div class=\"mkdf-si-inner\" >\n                                    <img loading=\"lazy\" decoding=\"async\" width=\"2560\" height=\"2560\" src=\"https:\/\/loveandpaper.ro\/wp-content\/uploads\/2025\/03\/CALL-14-scaled.jpg\" class=\"attachment-full size-full\" alt=\"\" srcset=\"https:\/\/loveandpaper.ro\/wp-content\/uploads\/2025\/03\/CALL-14-scaled.jpg 2560w, https:\/\/loveandpaper.ro\/wp-content\/uploads\/2025\/03\/CALL-14-300x300.jpg 300w, https:\/\/loveandpaper.ro\/wp-content\/uploads\/2025\/03\/CALL-14-1024x1024.jpg 1024w, https:\/\/loveandpaper.ro\/wp-content\/uploads\/2025\/03\/CALL-14-150x150.jpg 150w, https:\/\/loveandpaper.ro\/wp-content\/uploads\/2025\/03\/CALL-14-768x768.jpg 768w, https:\/\/loveandpaper.ro\/wp-content\/uploads\/2025\/03\/CALL-14-1536x1536.jpg 1536w, https:\/\/loveandpaper.ro\/wp-content\/uploads\/2025\/03\/CALL-14-12x12.jpg 12w, https:\/\/loveandpaper.ro\/wp-content\/uploads\/2025\/03\/CALL-14-650x650.jpg 650w, https:\/\/loveandpaper.ro\/wp-content\/uploads\/2025\/03\/CALL-14-1300x1300.jpg 1300w\" sizes=\"auto, (max-width: 2560px) 100vw, 2560px\" \/>                        <\/div>\n<\/div><\/div><\/div><\/div><div class=\"wpb_column vc_column_container vc_col-sm-12 vc_col-lg-6 vc_col-md-12\"><div class=\"vc_column-inner\"><div class=\"wpb_wrapper\"><div class=\"mkdf-section-title-holder customtitle mkdf-st-standard mkdf-st-title-left mkdf-st-normal-space\" style=\"text-align: left\">\n\t<div class=\"mkdf-st-inner\">\n\t\t\t\t\t<h2 class=\"mkdf-st-title\" style=\"color: #c72c48\">\n\t\t\t\tCALIGRAFIE\t\t\t<\/h2>\n\t\t    <span class=\"mkdf-st-line\" ><\/span>\n    <div class=\"mkdf-st-text\" >\n        \n<p style=\"font-family: 'Dancing Script', cursive; color: #c72c48; font-size: 22px;\"><strong><em>Mesajele caligrafiate au un farmec aparte \u0219i pot constitui un cadou inedit pentru cei dragi.<\/em><\/strong><\/p>\n<p>&nbsp;<\/p>\n<p style=\"font-family: Open Sans;\">Pentru a solicita un produs caligrafiat ( jur\u0103minte de nunt\u0103, place cards, tags, meniuri, scrisori, rame, felicit\u0103ri, etc.), te rug\u0103m s\u0103 completezi<a href=\"https:\/\/loveandpaper.ro\/ro\/inquiry-form\/\"><strong> Formularul de comand\u0103 pentru alte produse<\/strong> <\/a>sau  s\u0103 ne contactezi pe <strong><a href=\"\/ro\/contact@loveandpaper.ro\/\">email\u00a0<\/a><\/strong>(contact@loveandpaper.ro). Vom reveni pe mail cu termenul de livrare \u0219i costul produsului comandat.<\/p>\n    <\/div>\n\t<\/div>\n<\/div><\/div><\/div><\/div><\/div><\/div><\/div><\/div><\/div><\/div><div class=\"mkdf-row-parallax-background-elements-holder mkdf-parallax-elements-top\"><\/div><\/div><div class=\"vc_row wpb_row vc_row-fluid wpb_animate_when_almost_visible wpb_fadeInUp fadeInUp\" ><div class=\"wpb_animate_when_almost_visible wpb_fadeInUp fadeInUp wpb_column vc_column_container vc_col-sm-12\"><div class=\"vc_column-inner vc_custom_1741199538751\"><div class=\"wpb_wrapper\"><div class=\"mkdf-image-gallery mkdf-grid-list mkdf-disable-bottom-space  mkdf-ig-grid-type mkdf-three-columns mkdf-small-space  mkdf-image-behavior-lightbox\">\n\t<div class=\"mkdf-ig-inner mkdf-outer-space\">\n\t\t\t\t\t<div class=\"mkdf-ig-image mkdf-item-space\">\n\t\t\t\t<div class=\"mkdf-ig-image-inner\">\n\t\t\t\t\t\t\t\t\t\t\t<a itemprop=\"image\" class=\"mkdf-ig-lightbox\" href=\"https:\/\/loveandpaper.ro\/wp-content\/uploads\/2025\/03\/CALL-01-1.jpg\" data-rel=\"prettyPhoto[image_gallery_pretty_photo-17]\" title=\"CALL 01\">\n\t\t\t\t\t\t\t\t\t\t\t<img loading=\"lazy\" decoding=\"async\" src=\"https:\/\/loveandpaper.ro\/wp-content\/uploads\/2025\/03\/CALL-01-1-1000x1000.jpg\" alt=\"\" width=\"1000\" height=\"1000\" \/>\t\t\t\t\t\t\t\t\t\t\t<\/a>\n\t\t\t\t\t\t\t\t\t<\/div>\n\t\t\t<\/div>\n\t\t\t\t\t<div class=\"mkdf-ig-image mkdf-item-space\">\n\t\t\t\t<div class=\"mkdf-ig-image-inner\">\n\t\t\t\t\t\t\t\t\t\t\t<a itemprop=\"image\" class=\"mkdf-ig-lightbox\" href=\"https:\/\/loveandpaper.ro\/wp-content\/uploads\/2025\/03\/CALL-02-1.jpg\" data-rel=\"prettyPhoto[image_gallery_pretty_photo-17]\" title=\"CALL 02\">\n\t\t\t\t\t\t\t\t\t\t\t<img loading=\"lazy\" decoding=\"async\" src=\"https:\/\/loveandpaper.ro\/wp-content\/uploads\/2025\/03\/CALL-02-1-1000x1000.jpg\" alt=\"\" width=\"1000\" height=\"1000\" \/>\t\t\t\t\t\t\t\t\t\t\t<\/a>\n\t\t\t\t\t\t\t\t\t<\/div>\n\t\t\t<\/div>\n\t\t\t\t\t<div class=\"mkdf-ig-image mkdf-item-space\">\n\t\t\t\t<div class=\"mkdf-ig-image-inner\">\n\t\t\t\t\t\t\t\t\t\t\t<a itemprop=\"image\" class=\"mkdf-ig-lightbox\" href=\"https:\/\/loveandpaper.ro\/wp-content\/uploads\/2025\/03\/CALL-03-1.jpg\" data-rel=\"prettyPhoto[image_gallery_pretty_photo-17]\" title=\"CALL 03\">\n\t\t\t\t\t\t\t\t\t\t\t<img loading=\"lazy\" decoding=\"async\" src=\"https:\/\/loveandpaper.ro\/wp-content\/uploads\/2025\/03\/CALL-03-1-1000x1000.jpg\" alt=\"\" width=\"1000\" height=\"1000\" \/>\t\t\t\t\t\t\t\t\t\t\t<\/a>\n\t\t\t\t\t\t\t\t\t<\/div>\n\t\t\t<\/div>\n\t\t\t\t\t<div class=\"mkdf-ig-image mkdf-item-space\">\n\t\t\t\t<div class=\"mkdf-ig-image-inner\">\n\t\t\t\t\t\t\t\t\t\t\t<a itemprop=\"image\" class=\"mkdf-ig-lightbox\" href=\"https:\/\/loveandpaper.ro\/wp-content\/uploads\/2025\/03\/CALL-04-1.jpg\" data-rel=\"prettyPhoto[image_gallery_pretty_photo-17]\" title=\"CALL 04\">\n\t\t\t\t\t\t\t\t\t\t\t<img loading=\"lazy\" decoding=\"async\" src=\"https:\/\/loveandpaper.ro\/wp-content\/uploads\/2025\/03\/CALL-04-1-1000x1000.jpg\" alt=\"\" width=\"1000\" height=\"1000\" \/>\t\t\t\t\t\t\t\t\t\t\t<\/a>\n\t\t\t\t\t\t\t\t\t<\/div>\n\t\t\t<\/div>\n\t\t\t\t\t<div class=\"mkdf-ig-image mkdf-item-space\">\n\t\t\t\t<div class=\"mkdf-ig-image-inner\">\n\t\t\t\t\t\t\t\t\t\t\t<a itemprop=\"image\" class=\"mkdf-ig-lightbox\" href=\"https:\/\/loveandpaper.ro\/wp-content\/uploads\/2025\/03\/CALL-05-1.jpg\" data-rel=\"prettyPhoto[image_gallery_pretty_photo-17]\" title=\"CALL 05\">\n\t\t\t\t\t\t\t\t\t\t\t<img loading=\"lazy\" decoding=\"async\" src=\"https:\/\/loveandpaper.ro\/wp-content\/uploads\/2025\/03\/CALL-05-1-1000x1000.jpg\" alt=\"\" width=\"1000\" height=\"1000\" \/>\t\t\t\t\t\t\t\t\t\t\t<\/a>\n\t\t\t\t\t\t\t\t\t<\/div>\n\t\t\t<\/div>\n\t\t\t\t\t<div class=\"mkdf-ig-image mkdf-item-space\">\n\t\t\t\t<div class=\"mkdf-ig-image-inner\">\n\t\t\t\t\t\t\t\t\t\t\t<a itemprop=\"image\" class=\"mkdf-ig-lightbox\" href=\"https:\/\/loveandpaper.ro\/wp-content\/uploads\/2025\/03\/CALL-06-1.jpg\" data-rel=\"prettyPhoto[image_gallery_pretty_photo-17]\" title=\"CALL 06\">\n\t\t\t\t\t\t\t\t\t\t\t<img loading=\"lazy\" decoding=\"async\" src=\"https:\/\/loveandpaper.ro\/wp-content\/uploads\/2025\/03\/CALL-06-1-1000x1000.jpg\" alt=\"\" width=\"1000\" height=\"1000\" \/>\t\t\t\t\t\t\t\t\t\t\t<\/a>\n\t\t\t\t\t\t\t\t\t<\/div>\n\t\t\t<\/div>\n\t\t\t\t\t<div class=\"mkdf-ig-image mkdf-item-space\">\n\t\t\t\t<div class=\"mkdf-ig-image-inner\">\n\t\t\t\t\t\t\t\t\t\t\t<a itemprop=\"image\" class=\"mkdf-ig-lightbox\" href=\"https:\/\/loveandpaper.ro\/wp-content\/uploads\/2025\/03\/CALL-07-1.jpg\" data-rel=\"prettyPhoto[image_gallery_pretty_photo-17]\" title=\"CALL 07\">\n\t\t\t\t\t\t\t\t\t\t\t<img loading=\"lazy\" decoding=\"async\" src=\"https:\/\/loveandpaper.ro\/wp-content\/uploads\/2025\/03\/CALL-07-1-1000x1000.jpg\" alt=\"\" width=\"1000\" height=\"1000\" \/>\t\t\t\t\t\t\t\t\t\t\t<\/a>\n\t\t\t\t\t\t\t\t\t<\/div>\n\t\t\t<\/div>\n\t\t\t\t\t<div class=\"mkdf-ig-image mkdf-item-space\">\n\t\t\t\t<div class=\"mkdf-ig-image-inner\">\n\t\t\t\t\t\t\t\t\t\t\t<a itemprop=\"image\" class=\"mkdf-ig-lightbox\" href=\"https:\/\/loveandpaper.ro\/wp-content\/uploads\/2025\/03\/CALL-08-1.jpg\" data-rel=\"prettyPhoto[image_gallery_pretty_photo-17]\" title=\"CALL 08\">\n\t\t\t\t\t\t\t\t\t\t\t<img loading=\"lazy\" decoding=\"async\" src=\"https:\/\/loveandpaper.ro\/wp-content\/uploads\/2025\/03\/CALL-08-1-1000x1000.jpg\" alt=\"\" width=\"1000\" height=\"1000\" \/>\t\t\t\t\t\t\t\t\t\t\t<\/a>\n\t\t\t\t\t\t\t\t\t<\/div>\n\t\t\t<\/div>\n\t\t\t\t\t<div class=\"mkdf-ig-image mkdf-item-space\">\n\t\t\t\t<div class=\"mkdf-ig-image-inner\">\n\t\t\t\t\t\t\t\t\t\t\t<a itemprop=\"image\" class=\"mkdf-ig-lightbox\" href=\"https:\/\/loveandpaper.ro\/wp-content\/uploads\/2025\/03\/CALL09-1.jpg\" data-rel=\"prettyPhoto[image_gallery_pretty_photo-17]\" title=\"CALL09\">\n\t\t\t\t\t\t\t\t\t\t\t<img loading=\"lazy\" decoding=\"async\" src=\"https:\/\/loveandpaper.ro\/wp-content\/uploads\/2025\/03\/CALL09-1-1000x1000.jpg\" alt=\"\" width=\"1000\" height=\"1000\" \/>\t\t\t\t\t\t\t\t\t\t\t<\/a>\n\t\t\t\t\t\t\t\t\t<\/div>\n\t\t\t<\/div>\n\t\t\t\t\t<div class=\"mkdf-ig-image mkdf-item-space\">\n\t\t\t\t<div class=\"mkdf-ig-image-inner\">\n\t\t\t\t\t\t\t\t\t\t\t<a itemprop=\"image\" class=\"mkdf-ig-lightbox\" href=\"https:\/\/loveandpaper.ro\/wp-content\/uploads\/2025\/03\/CALL-10-1-scaled.jpeg\" data-rel=\"prettyPhoto[image_gallery_pretty_photo-17]\" title=\"CALL 10\">\n\t\t\t\t\t\t\t\t\t\t\t<img loading=\"lazy\" decoding=\"async\" src=\"https:\/\/loveandpaper.ro\/wp-content\/uploads\/2025\/03\/CALL-10-1-scaled-1000x1000.jpeg\" alt=\"\" width=\"1000\" height=\"1000\" \/>\t\t\t\t\t\t\t\t\t\t\t<\/a>\n\t\t\t\t\t\t\t\t\t<\/div>\n\t\t\t<\/div>\n\t\t\t\t\t<div class=\"mkdf-ig-image mkdf-item-space\">\n\t\t\t\t<div class=\"mkdf-ig-image-inner\">\n\t\t\t\t\t\t\t\t\t\t\t<a itemprop=\"image\" class=\"mkdf-ig-lightbox\" href=\"https:\/\/loveandpaper.ro\/wp-content\/uploads\/2025\/03\/CALL-11-1.jpg\" data-rel=\"prettyPhoto[image_gallery_pretty_photo-17]\" title=\"CALL 11\">\n\t\t\t\t\t\t\t\t\t\t\t<img loading=\"lazy\" decoding=\"async\" src=\"https:\/\/loveandpaper.ro\/wp-content\/uploads\/2025\/03\/CALL-11-1-1000x1000.jpg\" alt=\"\" width=\"1000\" height=\"1000\" \/>\t\t\t\t\t\t\t\t\t\t\t<\/a>\n\t\t\t\t\t\t\t\t\t<\/div>\n\t\t\t<\/div>\n\t\t\t\t\t<div class=\"mkdf-ig-image mkdf-item-space\">\n\t\t\t\t<div class=\"mkdf-ig-image-inner\">\n\t\t\t\t\t\t\t\t\t\t\t<a itemprop=\"image\" class=\"mkdf-ig-lightbox\" href=\"https:\/\/loveandpaper.ro\/wp-content\/uploads\/2025\/03\/CALL-12-1.jpg\" data-rel=\"prettyPhoto[image_gallery_pretty_photo-17]\" title=\"CALL 12\">\n\t\t\t\t\t\t\t\t\t\t\t<img loading=\"lazy\" decoding=\"async\" src=\"https:\/\/loveandpaper.ro\/wp-content\/uploads\/2025\/03\/CALL-12-1-1000x1000.jpg\" alt=\"\" width=\"1000\" height=\"1000\" \/>\t\t\t\t\t\t\t\t\t\t\t<\/a>\n\t\t\t\t\t\t\t\t\t<\/div>\n\t\t\t<\/div>\n\t\t\t\t\t<div class=\"mkdf-ig-image mkdf-item-space\">\n\t\t\t\t<div class=\"mkdf-ig-image-inner\">\n\t\t\t\t\t\t\t\t\t\t\t<a itemprop=\"image\" class=\"mkdf-ig-lightbox\" href=\"https:\/\/loveandpaper.ro\/wp-content\/uploads\/2025\/03\/CALL-13-1.jpg\" data-rel=\"prettyPhoto[image_gallery_pretty_photo-17]\" title=\"CALL 13\">\n\t\t\t\t\t\t\t\t\t\t\t<img loading=\"lazy\" decoding=\"async\" src=\"https:\/\/loveandpaper.ro\/wp-content\/uploads\/2025\/03\/CALL-13-1-1000x1000.jpg\" alt=\"\" width=\"1000\" height=\"1000\" \/>\t\t\t\t\t\t\t\t\t\t\t<\/a>\n\t\t\t\t\t\t\t\t\t<\/div>\n\t\t\t<\/div>\n\t\t\t\t\t<div class=\"mkdf-ig-image mkdf-item-space\">\n\t\t\t\t<div class=\"mkdf-ig-image-inner\">\n\t\t\t\t\t\t\t\t\t\t\t<a itemprop=\"image\" class=\"mkdf-ig-lightbox\" href=\"https:\/\/loveandpaper.ro\/wp-content\/uploads\/2025\/03\/CALL-14-scaled.jpg\" data-rel=\"prettyPhoto[image_gallery_pretty_photo-17]\" title=\"CALL 14\">\n\t\t\t\t\t\t\t\t\t\t\t<img loading=\"lazy\" decoding=\"async\" src=\"https:\/\/loveandpaper.ro\/wp-content\/uploads\/2025\/03\/CALL-14-scaled-1000x1000.jpg\" alt=\"\" width=\"1000\" height=\"1000\" \/>\t\t\t\t\t\t\t\t\t\t\t<\/a>\n\t\t\t\t\t\t\t\t\t<\/div>\n\t\t\t<\/div>\n\t\t\t\t\t<div class=\"mkdf-ig-image mkdf-item-space\">\n\t\t\t\t<div class=\"mkdf-ig-image-inner\">\n\t\t\t\t\t\t\t\t\t\t\t<a itemprop=\"image\" class=\"mkdf-ig-lightbox\" href=\"https:\/\/loveandpaper.ro\/wp-content\/uploads\/2025\/03\/CALL-15-1.jpg\" data-rel=\"prettyPhoto[image_gallery_pretty_photo-17]\" title=\"CALL 15\">\n\t\t\t\t\t\t\t\t\t\t\t<img loading=\"lazy\" decoding=\"async\" src=\"https:\/\/loveandpaper.ro\/wp-content\/uploads\/2025\/03\/CALL-15-1-1000x1000.jpg\" alt=\"\" width=\"1000\" height=\"1000\" \/>\t\t\t\t\t\t\t\t\t\t\t<\/a>\n\t\t\t\t\t\t\t\t\t<\/div>\n\t\t\t<\/div>\n\t\t\t<\/div>\n<\/div><\/div><\/div><\/div><\/div>\n<\/section>","protected":false},"excerpt":{"rendered":"CALLIGRAPHY Calligraphed messages have a special charm and can be a unique gift for loved ones. &nbsp; To request a calligraphed product (wedding vows, place cards, tags, menus, letters, frames, greeting cards, etc.), please fill out the Inquiry Form for [...]","protected":false},"author":1,"featured_media":0,"parent":0,"menu_order":0,"comment_status":"closed","ping_status":"closed","template":"","meta":{"footnotes":""},"class_list":["post-3570","page","type-page","status-publish","hentry"],"_links":{"self":[{"href":"https:\/\/loveandpaper.ro\/ro\/wp-json\/wp\/v2\/pages\/3570","targetHints":{"allow":["GET"]}}],"collection":[{"href":"https:\/\/loveandpaper.ro\/ro\/wp-json\/wp\/v2\/pages"}],"about":[{"href":"https:\/\/loveandpaper.ro\/ro\/wp-json\/wp\/v2\/types\/page"}],"author":[{"embeddable":true,"href":"https:\/\/loveandpaper.ro\/ro\/wp-json\/wp\/v2\/users\/1"}],"replies":[{"embeddable":true,"href":"https:\/\/loveandpaper.ro\/ro\/wp-json\/wp\/v2\/comments?post=3570"}],"version-history":[{"count":5,"href":"https:\/\/loveandpaper.ro\/ro\/wp-json\/wp\/v2\/pages\/3570\/revisions"}],"predecessor-version":[{"id":4372,"href":"https:\/\/loveandpaper.ro\/ro\/wp-json\/wp\/v2\/pages\/3570\/revisions\/4372"}],"wp:attachment":[{"href":"https:\/\/loveandpaper.ro\/ro\/wp-json\/wp\/v2\/media?parent=3570"}],"curies":[{"name":"wp","href":"https:\/\/api.w.org\/{rel}","templated":true}]}}