





{"id":3572,"date":"2024-07-03T11:04:27","date_gmt":"2024-07-03T11:04:27","guid":{"rendered":"https:\/\/loveandpaper.ro\/?page_id=3572"},"modified":"2025-03-09T14:43:25","modified_gmt":"2025-03-09T14:43:25","slug":"illustrations","status":"publish","type":"page","link":"https:\/\/loveandpaper.ro\/ro\/illustrations\/","title":{"rendered":"ILUSTRA\u021aII"},"content":{"rendered":"<section class=\"wpb-content-wrapper\"><div class=\"vc_row wpb_row vc_row-fluid vc_custom_1741531404130 vc_row-has-fill vc_column-gap-35 vc_row-o-equal-height vc_row-o-content-top vc_row-flex\" ><div class=\"wpb_animate_when_almost_visible wpb_fadeInUp fadeInUp wpb_column vc_column_container vc_col-sm-12\"><div class=\"vc_column-inner\"><div class=\"wpb_wrapper\"><div class=\"mkdf-row-grid-section-wrapper\" ><div class=\"mkdf-row-grid-section\"><div class=\"vc_row wpb_row vc_inner vc_row-fluid vc_column-gap-35\" ><div class=\"wpb_column vc_column_container vc_col-sm-12 vc_col-lg-6 vc_col-md-12\"><div class=\"vc_column-inner vc_custom_1741031908944\"><div class=\"wpb_wrapper\"><div class=\"mkdf-image-gallery  mkdf-ig-slider-type mkdf-three-columns mkdf-small-space\">\n\t<div class=\"mkdf-ig-slider mkdf-owl-slider\" data-number-of-items=\"1\" data-enable-loop=\"yes\" data-enable-autoplay=\"yes\" data-slider-speed=\"5000\" data-slider-speed-animation=\"600\" data-slider-padding=\"no\" data-enable-navigation=\"no\" data-enable-pagination=\"yes\">\n\t\t\t\t\t<div class=\"mkdf-ig-image\">\n\t\t\t\t\t\t\t\t\t<img loading=\"lazy\" decoding=\"async\" width=\"2160\" height=\"2160\" src=\"https:\/\/loveandpaper.ro\/wp-content\/uploads\/2025\/03\/ILL-2.jpg\" class=\"attachment-full size-full\" alt=\"\" srcset=\"https:\/\/loveandpaper.ro\/wp-content\/uploads\/2025\/03\/ILL-2.jpg 2160w, https:\/\/loveandpaper.ro\/wp-content\/uploads\/2025\/03\/ILL-2-300x300.jpg 300w, https:\/\/loveandpaper.ro\/wp-content\/uploads\/2025\/03\/ILL-2-1024x1024.jpg 1024w, https:\/\/loveandpaper.ro\/wp-content\/uploads\/2025\/03\/ILL-2-150x150.jpg 150w, https:\/\/loveandpaper.ro\/wp-content\/uploads\/2025\/03\/ILL-2-768x768.jpg 768w, https:\/\/loveandpaper.ro\/wp-content\/uploads\/2025\/03\/ILL-2-1536x1536.jpg 1536w, https:\/\/loveandpaper.ro\/wp-content\/uploads\/2025\/03\/ILL-2-12x12.jpg 12w, https:\/\/loveandpaper.ro\/wp-content\/uploads\/2025\/03\/ILL-2-650x650.jpg 650w, https:\/\/loveandpaper.ro\/wp-content\/uploads\/2025\/03\/ILL-2-1300x1300.jpg 1300w\" sizes=\"auto, (max-width: 2160px) 100vw, 2160px\" \/>\t\t\t\t\t\t\t<\/div>\n\t\t\t\t\t<div class=\"mkdf-ig-image\">\n\t\t\t\t\t\t\t\t\t<img loading=\"lazy\" decoding=\"async\" width=\"2048\" height=\"2048\" src=\"https:\/\/loveandpaper.ro\/wp-content\/uploads\/2025\/03\/ILL-4.jpg\" class=\"attachment-full size-full\" alt=\"\" srcset=\"https:\/\/loveandpaper.ro\/wp-content\/uploads\/2025\/03\/ILL-4.jpg 2048w, https:\/\/loveandpaper.ro\/wp-content\/uploads\/2025\/03\/ILL-4-300x300.jpg 300w, https:\/\/loveandpaper.ro\/wp-content\/uploads\/2025\/03\/ILL-4-1024x1024.jpg 1024w, https:\/\/loveandpaper.ro\/wp-content\/uploads\/2025\/03\/ILL-4-150x150.jpg 150w, https:\/\/loveandpaper.ro\/wp-content\/uploads\/2025\/03\/ILL-4-768x768.jpg 768w, https:\/\/loveandpaper.ro\/wp-content\/uploads\/2025\/03\/ILL-4-1536x1536.jpg 1536w, https:\/\/loveandpaper.ro\/wp-content\/uploads\/2025\/03\/ILL-4-12x12.jpg 12w, https:\/\/loveandpaper.ro\/wp-content\/uploads\/2025\/03\/ILL-4-650x650.jpg 650w, https:\/\/loveandpaper.ro\/wp-content\/uploads\/2025\/03\/ILL-4-1300x1300.jpg 1300w\" sizes=\"auto, (max-width: 2048px) 100vw, 2048px\" \/>\t\t\t\t\t\t\t<\/div>\n\t\t\t\t\t<div class=\"mkdf-ig-image\">\n\t\t\t\t\t\t\t\t\t<img loading=\"lazy\" decoding=\"async\" width=\"2560\" height=\"2560\" src=\"https:\/\/loveandpaper.ro\/wp-content\/uploads\/2025\/03\/ILL-5-scaled.jpg\" class=\"attachment-full size-full\" alt=\"\" srcset=\"https:\/\/loveandpaper.ro\/wp-content\/uploads\/2025\/03\/ILL-5-scaled.jpg 2560w, https:\/\/loveandpaper.ro\/wp-content\/uploads\/2025\/03\/ILL-5-300x300.jpg 300w, https:\/\/loveandpaper.ro\/wp-content\/uploads\/2025\/03\/ILL-5-1024x1024.jpg 1024w, https:\/\/loveandpaper.ro\/wp-content\/uploads\/2025\/03\/ILL-5-150x150.jpg 150w, https:\/\/loveandpaper.ro\/wp-content\/uploads\/2025\/03\/ILL-5-768x768.jpg 768w, https:\/\/loveandpaper.ro\/wp-content\/uploads\/2025\/03\/ILL-5-1536x1536.jpg 1536w, https:\/\/loveandpaper.ro\/wp-content\/uploads\/2025\/03\/ILL-5-12x12.jpg 12w, https:\/\/loveandpaper.ro\/wp-content\/uploads\/2025\/03\/ILL-5-650x650.jpg 650w, https:\/\/loveandpaper.ro\/wp-content\/uploads\/2025\/03\/ILL-5-1300x1300.jpg 1300w\" sizes=\"auto, (max-width: 2560px) 100vw, 2560px\" \/>\t\t\t\t\t\t\t<\/div>\n\t\t\t\t\t<div class=\"mkdf-ig-image\">\n\t\t\t\t\t\t\t\t\t<img loading=\"lazy\" decoding=\"async\" width=\"1829\" height=\"1829\" src=\"https:\/\/loveandpaper.ro\/wp-content\/uploads\/2025\/03\/ILL-6.jpg\" class=\"attachment-full size-full\" alt=\"\" srcset=\"https:\/\/loveandpaper.ro\/wp-content\/uploads\/2025\/03\/ILL-6.jpg 1829w, https:\/\/loveandpaper.ro\/wp-content\/uploads\/2025\/03\/ILL-6-300x300.jpg 300w, https:\/\/loveandpaper.ro\/wp-content\/uploads\/2025\/03\/ILL-6-1024x1024.jpg 1024w, https:\/\/loveandpaper.ro\/wp-content\/uploads\/2025\/03\/ILL-6-150x150.jpg 150w, https:\/\/loveandpaper.ro\/wp-content\/uploads\/2025\/03\/ILL-6-768x768.jpg 768w, https:\/\/loveandpaper.ro\/wp-content\/uploads\/2025\/03\/ILL-6-1536x1536.jpg 1536w, https:\/\/loveandpaper.ro\/wp-content\/uploads\/2025\/03\/ILL-6-12x12.jpg 12w, https:\/\/loveandpaper.ro\/wp-content\/uploads\/2025\/03\/ILL-6-650x650.jpg 650w, https:\/\/loveandpaper.ro\/wp-content\/uploads\/2025\/03\/ILL-6-1300x1300.jpg 1300w\" sizes=\"auto, (max-width: 1829px) 100vw, 1829px\" \/>\t\t\t\t\t\t\t<\/div>\n\t\t\t\t\t<div class=\"mkdf-ig-image\">\n\t\t\t\t\t\t\t\t\t<img loading=\"lazy\" decoding=\"async\" width=\"960\" height=\"960\" src=\"https:\/\/loveandpaper.ro\/wp-content\/uploads\/2025\/03\/ILL-7.jpg\" class=\"attachment-full size-full\" alt=\"\" srcset=\"https:\/\/loveandpaper.ro\/wp-content\/uploads\/2025\/03\/ILL-7.jpg 960w, https:\/\/loveandpaper.ro\/wp-content\/uploads\/2025\/03\/ILL-7-300x300.jpg 300w, https:\/\/loveandpaper.ro\/wp-content\/uploads\/2025\/03\/ILL-7-150x150.jpg 150w, https:\/\/loveandpaper.ro\/wp-content\/uploads\/2025\/03\/ILL-7-768x768.jpg 768w, https:\/\/loveandpaper.ro\/wp-content\/uploads\/2025\/03\/ILL-7-12x12.jpg 12w, https:\/\/loveandpaper.ro\/wp-content\/uploads\/2025\/03\/ILL-7-650x650.jpg 650w\" sizes=\"auto, (max-width: 960px) 100vw, 960px\" \/>\t\t\t\t\t\t\t<\/div>\n\t\t\t\t\t<div class=\"mkdf-ig-image\">\n\t\t\t\t\t\t\t\t\t<img loading=\"lazy\" decoding=\"async\" width=\"2560\" height=\"2560\" src=\"https:\/\/loveandpaper.ro\/wp-content\/uploads\/2025\/03\/ILL-9-1-scaled.jpg\" class=\"attachment-full size-full\" alt=\"\" srcset=\"https:\/\/loveandpaper.ro\/wp-content\/uploads\/2025\/03\/ILL-9-1-scaled.jpg 2560w, https:\/\/loveandpaper.ro\/wp-content\/uploads\/2025\/03\/ILL-9-1-300x300.jpg 300w, https:\/\/loveandpaper.ro\/wp-content\/uploads\/2025\/03\/ILL-9-1-1024x1024.jpg 1024w, https:\/\/loveandpaper.ro\/wp-content\/uploads\/2025\/03\/ILL-9-1-150x150.jpg 150w, https:\/\/loveandpaper.ro\/wp-content\/uploads\/2025\/03\/ILL-9-1-768x768.jpg 768w, https:\/\/loveandpaper.ro\/wp-content\/uploads\/2025\/03\/ILL-9-1-1536x1536.jpg 1536w, https:\/\/loveandpaper.ro\/wp-content\/uploads\/2025\/03\/ILL-9-1-12x12.jpg 12w, https:\/\/loveandpaper.ro\/wp-content\/uploads\/2025\/03\/ILL-9-1-650x650.jpg 650w, https:\/\/loveandpaper.ro\/wp-content\/uploads\/2025\/03\/ILL-9-1-1300x1300.jpg 1300w\" sizes=\"auto, (max-width: 2560px) 100vw, 2560px\" \/>\t\t\t\t\t\t\t<\/div>\n\t\t\t\t\t<div class=\"mkdf-ig-image\">\n\t\t\t\t\t\t\t\t\t<img loading=\"lazy\" decoding=\"async\" width=\"2560\" height=\"2560\" src=\"https:\/\/loveandpaper.ro\/wp-content\/uploads\/2025\/03\/ILL-10-scaled.jpg\" class=\"attachment-full size-full\" alt=\"\" srcset=\"https:\/\/loveandpaper.ro\/wp-content\/uploads\/2025\/03\/ILL-10-scaled.jpg 2560w, https:\/\/loveandpaper.ro\/wp-content\/uploads\/2025\/03\/ILL-10-300x300.jpg 300w, https:\/\/loveandpaper.ro\/wp-content\/uploads\/2025\/03\/ILL-10-1024x1024.jpg 1024w, https:\/\/loveandpaper.ro\/wp-content\/uploads\/2025\/03\/ILL-10-150x150.jpg 150w, https:\/\/loveandpaper.ro\/wp-content\/uploads\/2025\/03\/ILL-10-768x768.jpg 768w, https:\/\/loveandpaper.ro\/wp-content\/uploads\/2025\/03\/ILL-10-1536x1536.jpg 1536w, https:\/\/loveandpaper.ro\/wp-content\/uploads\/2025\/03\/ILL-10-12x12.jpg 12w, https:\/\/loveandpaper.ro\/wp-content\/uploads\/2025\/03\/ILL-10-650x650.jpg 650w, https:\/\/loveandpaper.ro\/wp-content\/uploads\/2025\/03\/ILL-10-1300x1300.jpg 1300w\" sizes=\"auto, (max-width: 2560px) 100vw, 2560px\" \/>\t\t\t\t\t\t\t<\/div>\n\t\t\t\t\t<div class=\"mkdf-ig-image\">\n\t\t\t\t\t\t\t\t\t<img loading=\"lazy\" decoding=\"async\" width=\"2268\" height=\"2268\" src=\"https:\/\/loveandpaper.ro\/wp-content\/uploads\/2025\/03\/ILL-11.jpg\" class=\"attachment-full size-full\" alt=\"\" srcset=\"https:\/\/loveandpaper.ro\/wp-content\/uploads\/2025\/03\/ILL-11.jpg 2268w, https:\/\/loveandpaper.ro\/wp-content\/uploads\/2025\/03\/ILL-11-300x300.jpg 300w, https:\/\/loveandpaper.ro\/wp-content\/uploads\/2025\/03\/ILL-11-1024x1024.jpg 1024w, https:\/\/loveandpaper.ro\/wp-content\/uploads\/2025\/03\/ILL-11-150x150.jpg 150w, https:\/\/loveandpaper.ro\/wp-content\/uploads\/2025\/03\/ILL-11-768x768.jpg 768w, https:\/\/loveandpaper.ro\/wp-content\/uploads\/2025\/03\/ILL-11-1536x1536.jpg 1536w, https:\/\/loveandpaper.ro\/wp-content\/uploads\/2025\/03\/ILL-11-12x12.jpg 12w, https:\/\/loveandpaper.ro\/wp-content\/uploads\/2025\/03\/ILL-11-650x650.jpg 650w, https:\/\/loveandpaper.ro\/wp-content\/uploads\/2025\/03\/ILL-11-1300x1300.jpg 1300w\" sizes=\"auto, (max-width: 2268px) 100vw, 2268px\" \/>\t\t\t\t\t\t\t<\/div>\n\t\t\t\t\t<div class=\"mkdf-ig-image\">\n\t\t\t\t\t\t\t\t\t<img loading=\"lazy\" decoding=\"async\" width=\"2048\" height=\"2048\" src=\"https:\/\/loveandpaper.ro\/wp-content\/uploads\/2025\/03\/ILL8.jpg\" class=\"attachment-full size-full\" alt=\"\" srcset=\"https:\/\/loveandpaper.ro\/wp-content\/uploads\/2025\/03\/ILL8.jpg 2048w, https:\/\/loveandpaper.ro\/wp-content\/uploads\/2025\/03\/ILL8-300x300.jpg 300w, https:\/\/loveandpaper.ro\/wp-content\/uploads\/2025\/03\/ILL8-1024x1024.jpg 1024w, https:\/\/loveandpaper.ro\/wp-content\/uploads\/2025\/03\/ILL8-150x150.jpg 150w, https:\/\/loveandpaper.ro\/wp-content\/uploads\/2025\/03\/ILL8-768x768.jpg 768w, https:\/\/loveandpaper.ro\/wp-content\/uploads\/2025\/03\/ILL8-1536x1536.jpg 1536w, https:\/\/loveandpaper.ro\/wp-content\/uploads\/2025\/03\/ILL8-12x12.jpg 12w, https:\/\/loveandpaper.ro\/wp-content\/uploads\/2025\/03\/ILL8-650x650.jpg 650w, https:\/\/loveandpaper.ro\/wp-content\/uploads\/2025\/03\/ILL8-1300x1300.jpg 1300w\" sizes=\"auto, (max-width: 2048px) 100vw, 2048px\" \/>\t\t\t\t\t\t\t<\/div>\n\t\t\t<\/div>\n<\/div><\/div><\/div><\/div><div class=\"wpb_column vc_column_container vc_col-sm-12 vc_col-lg-6 vc_col-md-12\"><div class=\"vc_column-inner\"><div class=\"wpb_wrapper\"><div class=\"mkdf-section-title-holder customtitle mkdf-st-standard mkdf-st-title-left mkdf-st-normal-space\" style=\"text-align: left\">\n\t<div class=\"mkdf-st-inner\">\n\t\t\t\t\t<h2 class=\"mkdf-st-title\" style=\"color: #c72c48\">\n\t\t\t\tILUSTRA\u021aII\t\t\t<\/h2>\n\t\t    <span class=\"mkdf-st-line\" ><\/span>\n    <div class=\"mkdf-st-text\" >\n        \n<p style=\"font-family: 'Dancing Script', cursive; color: #c72c48; font-size: 22px;\"><strong><em>Alege s\u0103 fii original \u0219i solicit\u0103 o ilustra\u021bie unic\u0103 pentru setul t\u0103u de papet\u0103rie!<\/em><\/strong><\/p>\n<p>&nbsp;<\/p>\n<p style=\"font-family: Open Sans;\">Te invit\u0103m s\u0103 ne contactezi <a href=\"mailto:contact@loveandpaper.ro\"><strong>pe mail<\/strong><\/a> (contact@loveandpaper.ro) sau s\u0103 completezi <a href=\"https:\/\/loveandpaper.ro\/ro\/inquiry-form\/\"><strong>Formularul de comand\u0103 pentru alte produse<\/strong><\/a> dac\u0103 dore\u0219ti un desen original (de exemplu, ilustrarea loca\u021biei evenimentului vostru, o hart\u0103 sau un desen floral). Clien\u021bii no\u0219tri opteaz\u0103 deseori pentru ilustrarea loca\u021biei pe linerul plicului, pe cardul auxiliar pentru detalii sau chiar pe invita\u021bie.<\/p>\n    <\/div>\n\t<\/div>\n<\/div><\/div><\/div><\/div><\/div><\/div><\/div><\/div><\/div><\/div><div class=\"mkdf-row-parallax-background-elements-holder mkdf-parallax-elements-top\"><\/div><\/div>\n<\/section>","protected":false},"excerpt":{"rendered":"ILLUSTRATIONS Choose to be original and request a unique illustration for your stationery set! &nbsp; We invite you to contact us by e-mail (contact@loveandpaper.ro) or fill out the Inquiry Form for Day-Of Stationery or Other Creations if you would like [...]","protected":false},"author":1,"featured_media":0,"parent":0,"menu_order":0,"comment_status":"closed","ping_status":"closed","template":"","meta":{"footnotes":""},"class_list":["post-3572","page","type-page","status-publish","hentry"],"_links":{"self":[{"href":"https:\/\/loveandpaper.ro\/ro\/wp-json\/wp\/v2\/pages\/3572","targetHints":{"allow":["GET"]}}],"collection":[{"href":"https:\/\/loveandpaper.ro\/ro\/wp-json\/wp\/v2\/pages"}],"about":[{"href":"https:\/\/loveandpaper.ro\/ro\/wp-json\/wp\/v2\/types\/page"}],"author":[{"embeddable":true,"href":"https:\/\/loveandpaper.ro\/ro\/wp-json\/wp\/v2\/users\/1"}],"replies":[{"embeddable":true,"href":"https:\/\/loveandpaper.ro\/ro\/wp-json\/wp\/v2\/comments?post=3572"}],"version-history":[{"count":13,"href":"https:\/\/loveandpaper.ro\/ro\/wp-json\/wp\/v2\/pages\/3572\/revisions"}],"predecessor-version":[{"id":4304,"href":"https:\/\/loveandpaper.ro\/ro\/wp-json\/wp\/v2\/pages\/3572\/revisions\/4304"}],"wp:attachment":[{"href":"https:\/\/loveandpaper.ro\/ro\/wp-json\/wp\/v2\/media?parent=3572"}],"curies":[{"name":"wp","href":"https:\/\/api.w.org\/{rel}","templated":true}]}}