





{"id":3586,"date":"2024-07-03T11:07:11","date_gmt":"2024-07-03T11:07:11","guid":{"rendered":"https:\/\/loveandpaper.ro\/?page_id=3586"},"modified":"2025-03-10T06:28:39","modified_gmt":"2025-03-10T06:28:39","slug":"terms-conditions","status":"publish","type":"page","link":"https:\/\/loveandpaper.ro\/ro\/terms-conditions\/","title":{"rendered":"Termeni \u0219i condi\u021bii"},"content":{"rendered":"<section class=\"wpb-content-wrapper\"><div class=\"vc_row wpb_row vc_row-fluid vc_custom_1741287623073\" ><div class=\"wpb_column vc_column_container vc_col-sm-12\"><div class=\"vc_column-inner\"><div class=\"wpb_wrapper\">\n\t<div class=\"wpb_text_column wpb_content_element\" >\n\t\t<div class=\"wpb_wrapper\">\n\t\t\t<h2 class=\"wp-block-heading\">Drepturi de autor<\/h2>\n<p>Toate designurile, ilustra\u021biile, textele \u0219i produsele prezentate pe acest site sunt proprietatea exclusiv\u0103 a Love &amp; Paper Events SRL \u0219i sunt protejate de drepturile de autor, cu excep\u021bia cazului \u00een care se indic\u0103 altfel. Toate imaginile \u0219i ilustra\u021biile utilizate \u00een procesul de layout sunt proprietate exclusiv\u0103 cu drepturi de autor ale Love &amp; Paper Events SRL. Aceste designuri, imagini \u0219i ilustra\u021bii nu pot fi utilizate pentru uz personal, reproducere, creare de lucr\u0103ri derivate sau pentru orice alt scop. Ne rezerv\u0103m dreptul de a posta invita\u021biile de nunt\u0103 sau papet\u0103rie pe site-ul nostru \u0219i pe re\u021belele sociale.<\/p>\n<h2 class=\"wp-block-heading\">Culori<\/h2>\n<p>Ne str\u0103duim s\u0103 reprezent\u0103m culorile afi\u0219ate pe site-ul nostru\/layouturile digitale c\u00e2t mai exact posibil, dar nu putem garanta c\u0103 culoarea tip\u0103rit\u0103 va fi exact la fel ca pe ecran. Ecranele sunt calibrate diferit.<\/p>\n<h2 class=\"wp-block-heading\">Varia\u021bii<\/h2>\n<p>H\u00e2rtia noastr\u0103, realizat\u0103 manual este confec\u021bionat\u0103 individual, astfel \u00eenc\u00e2t pot exista mici varia\u021bii \u00een culoare, grosime \u0219i form\u0103 de la o pies\u0103 la alta. Metodele de tip\u0103rire letterpress \u0219i hot foil letterpress creeaz\u0103 varia\u021bii u\u0219oare de la o pies\u0103 tip\u0103rit\u0103 la alta. Orice neregularit\u0103\u021bi nu sunt defecte, ci rezultatul procesului artizanal de lucru cu o ma\u0219in\u0103 de tip\u0103rit veche. Ne str\u0103duim s\u0103 reprezent\u0103m culorile afi\u0219ate pe site-ul nostru c\u00e2t mai exact posibil, dar nu putem garanta c\u0103 culoarea tip\u0103rit\u0103 va ar\u0103ta exact ca cea de pe ecran.<\/p>\n<h2 class=\"wp-block-heading\">Returnare, schimb sau anulare<\/h2>\n<p>Datorit\u0103 naturii personalizate \u0219i realiz\u0103rii manuale a serviciilor \u0219i produselor noastre, acestea nu sunt rambursabile \u0219i nu sunt eligibile pentru schimb, returnare sau anulare. Dup\u0103 primirea comenzii, v\u0103 rug\u0103m s\u0103 verifica\u021bi cu aten\u021bie produsele \u0219i s\u0103 ne anun\u021ba\u021bi dac\u0103 exist\u0103 o gre\u0219eal\u0103 \u00een termen de 3 zile de la primirea acestora.<\/p>\n<p>Dac\u0103 exist\u0103 o gre\u0219eal\u0103 de tip\u0103rire din vina noastr\u0103 (textul tip\u0103rit pe invita\u021bie difer\u0103 de ultima dovad\u0103 digital\u0103 pentru care clientul \u0219i-a dat aprobarea \u2013numit \u0103 \u201cbunul de print\u201d ), invita\u021biile vor fi retip\u0103rite pe cheltuiala noastr\u0103.<\/p>\n<p>Dac\u0103 eroarea a ap\u0103rut din cauza datelor incorecte sau incomplete furnizate de client, sau dac\u0103 eroarea exista pe dovada digital\u0103 aprobat\u0103 de client, costul retip\u0103ririi \u0219i al livr\u0103rii va fi suportat de client.<\/p>\n<h2 class=\"wp-block-heading\">Plat\u0103<\/h2>\n<p>Plata noastr\u0103 este structurat\u0103 \u00een 2 p\u0103r\u021bi:<\/p>\n<ul>\n<li>50% nerambursabil la momentul rezerv\u0103rii<\/li>\n<li>50% la sf\u00e2r\u0219itul fazei de produc\u021bie<\/li>\n<\/ul>\n<p>Plata invita\u021biilor se face prin card de credit sau transfer bancar, conform facturii.<\/p>\n\n\t\t<\/div>\n\t<\/div>\n<\/div><\/div><\/div><\/div>\n<\/section>","protected":false},"excerpt":{"rendered":"Copyrights All design, graphics, texts, and products presented on this site are the exclusive property of Love &amp; Paper Events SRL and are protected by the copyright unless otherwise indicated. All images, the graphics used in the layout process are [...]","protected":false},"author":1,"featured_media":0,"parent":0,"menu_order":0,"comment_status":"closed","ping_status":"closed","template":"","meta":{"footnotes":""},"class_list":["post-3586","page","type-page","status-publish","hentry"],"_links":{"self":[{"href":"https:\/\/loveandpaper.ro\/ro\/wp-json\/wp\/v2\/pages\/3586","targetHints":{"allow":["GET"]}}],"collection":[{"href":"https:\/\/loveandpaper.ro\/ro\/wp-json\/wp\/v2\/pages"}],"about":[{"href":"https:\/\/loveandpaper.ro\/ro\/wp-json\/wp\/v2\/types\/page"}],"author":[{"embeddable":true,"href":"https:\/\/loveandpaper.ro\/ro\/wp-json\/wp\/v2\/users\/1"}],"replies":[{"embeddable":true,"href":"https:\/\/loveandpaper.ro\/ro\/wp-json\/wp\/v2\/comments?post=3586"}],"version-history":[{"count":9,"href":"https:\/\/loveandpaper.ro\/ro\/wp-json\/wp\/v2\/pages\/3586\/revisions"}],"predecessor-version":[{"id":4378,"href":"https:\/\/loveandpaper.ro\/ro\/wp-json\/wp\/v2\/pages\/3586\/revisions\/4378"}],"wp:attachment":[{"href":"https:\/\/loveandpaper.ro\/ro\/wp-json\/wp\/v2\/media?parent=3586"}],"curies":[{"name":"wp","href":"https:\/\/api.w.org\/{rel}","templated":true}]}}