





{"id":3637,"date":"2025-03-03T13:07:34","date_gmt":"2025-03-03T13:07:34","guid":{"rendered":"https:\/\/loveandpaper.ro\/?page_id=3637"},"modified":"2025-03-09T14:43:15","modified_gmt":"2025-03-09T14:43:15","slug":"special-cards","status":"publish","type":"page","link":"https:\/\/loveandpaper.ro\/ro\/special-cards\/","title":{"rendered":"CARDURI SPECIALE"},"content":{"rendered":"<section class=\"wpb-content-wrapper\"><div class=\"vc_row wpb_row vc_row-fluid vc_column-gap-35 vc_row-o-equal-height vc_row-o-content-top vc_row-flex\" ><div class=\"wpb_animate_when_almost_visible wpb_fadeInUp fadeInUp wpb_column vc_column_container vc_col-sm-12\"><div class=\"vc_column-inner\"><div class=\"wpb_wrapper\"><div class=\"mkdf-row-grid-section-wrapper\" ><div class=\"mkdf-row-grid-section\"><div class=\"vc_row wpb_row vc_inner vc_row-fluid vc_column-gap-35\" ><div class=\"wpb_column vc_column_container vc_col-sm-12 vc_col-lg-6 vc_col-md-12\"><div class=\"vc_column-inner vc_custom_1741031908944\"><div class=\"wpb_wrapper\"><div class=\"mkdf-image-gallery  mkdf-ig-slider-type mkdf-three-columns mkdf-small-space\">\n\t<div class=\"mkdf-ig-slider mkdf-owl-slider\" data-number-of-items=\"1\" data-enable-loop=\"yes\" data-enable-autoplay=\"yes\" data-slider-speed=\"5000\" data-slider-speed-animation=\"600\" data-slider-padding=\"no\" data-enable-navigation=\"no\" data-enable-pagination=\"yes\">\n\t\t\t\t\t<div class=\"mkdf-ig-image\">\n\t\t\t\t\t\t\t\t\t<img loading=\"lazy\" decoding=\"async\" width=\"1706\" height=\"2560\" src=\"https:\/\/loveandpaper.ro\/wp-content\/uploads\/2025\/03\/SPECIAL-CARDS-1-scaled.jpg\" class=\"attachment-full size-full\" alt=\"\" srcset=\"https:\/\/loveandpaper.ro\/wp-content\/uploads\/2025\/03\/SPECIAL-CARDS-1-scaled.jpg 1706w, https:\/\/loveandpaper.ro\/wp-content\/uploads\/2025\/03\/SPECIAL-CARDS-1-200x300.jpg 200w, https:\/\/loveandpaper.ro\/wp-content\/uploads\/2025\/03\/SPECIAL-CARDS-1-683x1024.jpg 683w, https:\/\/loveandpaper.ro\/wp-content\/uploads\/2025\/03\/SPECIAL-CARDS-1-768x1152.jpg 768w, https:\/\/loveandpaper.ro\/wp-content\/uploads\/2025\/03\/SPECIAL-CARDS-1-1024x1536.jpg 1024w, https:\/\/loveandpaper.ro\/wp-content\/uploads\/2025\/03\/SPECIAL-CARDS-1-1365x2048.jpg 1365w, https:\/\/loveandpaper.ro\/wp-content\/uploads\/2025\/03\/SPECIAL-CARDS-1-8x12.jpg 8w\" sizes=\"auto, (max-width: 1706px) 100vw, 1706px\" \/>\t\t\t\t\t\t\t<\/div>\n\t\t\t\t\t<div class=\"mkdf-ig-image\">\n\t\t\t\t\t\t\t\t\t<img loading=\"lazy\" decoding=\"async\" width=\"1706\" height=\"2560\" src=\"https:\/\/loveandpaper.ro\/wp-content\/uploads\/2025\/03\/SPECIAL-CARDS-3-scaled.jpg\" class=\"attachment-full size-full\" alt=\"\" srcset=\"https:\/\/loveandpaper.ro\/wp-content\/uploads\/2025\/03\/SPECIAL-CARDS-3-scaled.jpg 1706w, https:\/\/loveandpaper.ro\/wp-content\/uploads\/2025\/03\/SPECIAL-CARDS-3-200x300.jpg 200w, https:\/\/loveandpaper.ro\/wp-content\/uploads\/2025\/03\/SPECIAL-CARDS-3-683x1024.jpg 683w, https:\/\/loveandpaper.ro\/wp-content\/uploads\/2025\/03\/SPECIAL-CARDS-3-768x1152.jpg 768w, https:\/\/loveandpaper.ro\/wp-content\/uploads\/2025\/03\/SPECIAL-CARDS-3-1024x1536.jpg 1024w, https:\/\/loveandpaper.ro\/wp-content\/uploads\/2025\/03\/SPECIAL-CARDS-3-1365x2048.jpg 1365w, https:\/\/loveandpaper.ro\/wp-content\/uploads\/2025\/03\/SPECIAL-CARDS-3-8x12.jpg 8w\" sizes=\"auto, (max-width: 1706px) 100vw, 1706px\" \/>\t\t\t\t\t\t\t<\/div>\n\t\t\t<\/div>\n<\/div><\/div><\/div><\/div><div class=\"wpb_column vc_column_container vc_col-sm-12 vc_col-lg-6 vc_col-md-12\"><div class=\"vc_column-inner\"><div class=\"wpb_wrapper\"><div class=\"mkdf-section-title-holder customtitle mkdf-st-standard mkdf-st-title-left mkdf-st-normal-space\" style=\"text-align: left\">\n\t<div class=\"mkdf-st-inner\">\n\t\t\t\t\t<h2 class=\"mkdf-st-title\" style=\"color: #c72c48\">\n\t\t\t\tCR\u0102CIUN | PRIM\u0102VAR\u0102 | ZILE DE NA\u0218TERE | DE MUL\u021aUMIRE\t\t\t<\/h2>\n\t\t    <span class=\"mkdf-st-line\" ><\/span>\n    <div class=\"mkdf-st-text\" >\n        \n<p style=\"font-family: 'Dancing Script', cursive; color: #c72c48; font-size: 22px;\"><strong><em>Suntem aici pentru a realiza articole de papet\u0103rie ce creeaz\u0103 emo\u021bii \u0219i \u00eei bucur\u0103 pe cei dragi \u021bie!<br \/>\n<\/em><\/strong><\/p>\n<p>&nbsp;<\/p>\n<p style=\"font-family: Open Sans;\">Indiferent de sezon, putem colabora \u00een realizarea celor mai frumoase FELICIT\u0102RI \u0219i ETICHETE pentru cadouri. CARDURILE DE MUL\u021aUMIRE nu pot lipsi din colec\u021bia noastr\u0103.<\/p>\n<p style=\"font-family: Open Sans;\">Completeaz\u0103 <a href=\"https:\/\/loveandpaper.ro\/ro\/inquiry-form\/\"><strong>Formularul de comand\u0103 pentru alte produse de papet\u0103rie<\/strong><\/a> pentru a comanda felicit\u0103ri pentru Cr\u0103ciun, Ziua mamei, Ziua tat\u0103lui, Ziua \u00eendr\u0103gosti\u021bilor, pentru venirea prim\u0103verii, pentru a mul\u021bumi profesorilor \u0219i pentru zilele de na\u0219tere sau onomastice.<\/p>\n    <\/div>\n\t<\/div>\n<\/div><\/div><\/div><\/div><\/div><\/div><\/div><\/div><\/div><\/div><div class=\"mkdf-row-parallax-background-elements-holder mkdf-parallax-elements-top\"><\/div><\/div>\n<\/section>","protected":false},"excerpt":{"rendered":"Christmas Cards, Spring Cards, Birthday Cards, Thank You Cards We\u2019re here to create stationery that brings joy and meaningful moments to your loved ones! &nbsp; No matter the season, we can help you design beautiful GREETING CARDS and GIFT TAGS. [...]","protected":false},"author":1,"featured_media":0,"parent":0,"menu_order":0,"comment_status":"closed","ping_status":"closed","template":"","meta":{"footnotes":""},"class_list":["post-3637","page","type-page","status-publish","hentry"],"_links":{"self":[{"href":"https:\/\/loveandpaper.ro\/ro\/wp-json\/wp\/v2\/pages\/3637","targetHints":{"allow":["GET"]}}],"collection":[{"href":"https:\/\/loveandpaper.ro\/ro\/wp-json\/wp\/v2\/pages"}],"about":[{"href":"https:\/\/loveandpaper.ro\/ro\/wp-json\/wp\/v2\/types\/page"}],"author":[{"embeddable":true,"href":"https:\/\/loveandpaper.ro\/ro\/wp-json\/wp\/v2\/users\/1"}],"replies":[{"embeddable":true,"href":"https:\/\/loveandpaper.ro\/ro\/wp-json\/wp\/v2\/comments?post=3637"}],"version-history":[{"count":13,"href":"https:\/\/loveandpaper.ro\/ro\/wp-json\/wp\/v2\/pages\/3637\/revisions"}],"predecessor-version":[{"id":4303,"href":"https:\/\/loveandpaper.ro\/ro\/wp-json\/wp\/v2\/pages\/3637\/revisions\/4303"}],"wp:attachment":[{"href":"https:\/\/loveandpaper.ro\/ro\/wp-json\/wp\/v2\/media?parent=3637"}],"curies":[{"name":"wp","href":"https:\/\/api.w.org\/{rel}","templated":true}]}}