





{"id":3643,"date":"2025-03-03T13:09:51","date_gmt":"2025-03-03T13:09:51","guid":{"rendered":"https:\/\/loveandpaper.ro\/?page_id=3643"},"modified":"2025-03-06T18:21:57","modified_gmt":"2025-03-06T18:21:57","slug":"inquiry-form","status":"publish","type":"page","link":"https:\/\/loveandpaper.ro\/ro\/inquiry-form\/","title":{"rendered":"Formular de comand\u0103"},"content":{"rendered":"<section class=\"wpb-content-wrapper\"><div class=\"vc_row wpb_row vc_row-fluid vc_column-gap-35\" ><div class=\"wpb_animate_when_almost_visible wpb_fadeInUp fadeInUp wpb_column vc_column_container vc_col-sm-12\"><div class=\"vc_column-inner vc_custom_1741284344474\"><div class=\"wpb_wrapper\"><div class=\"mkdf-row-grid-section-wrapper\" ><div class=\"mkdf-row-grid-section\"><div class=\"vc_row wpb_row vc_inner vc_row-fluid vc_custom_1741284300641 vc_row-has-fill vc_column-gap-35 vc_row-o-content-top vc_row-flex\" ><div class=\"wpb_column vc_column_container vc_col-sm-6\"><div class=\"vc_column-inner vc_custom_1741285114016\"><div class=\"wpb_wrapper\"><div class=\"mkdf-section-title-holder  mkdf-st-standard mkdf-st-title-left mkdf-st-normal-space\" >\n\t<div class=\"mkdf-st-inner\">\n\t\t\t\t\t<h2 class=\"mkdf-st-title\" >\n\t\t\t\t<span class=\"mkdf-st-title-bold\">Formular<\/span> <span class=\"mkdf-st-title-bold\">de comand\u0103<\/span> PENTRU INVITA\u021aII\t\t\t<\/h2>\n\t\t    <span class=\"mkdf-st-line\" ><\/span>\n    <div class=\"mkdf-st-text\" >\n            <\/div>\n\t<\/div>\n<\/div>\n<div class=\"wpcf7 no-js\" id=\"wpcf7-f6-o1\" lang=\"ro-RO\" dir=\"ltr\" data-wpcf7-id=\"6\">\n<div class=\"screen-reader-response\"><p role=\"status\" aria-live=\"polite\" aria-atomic=\"true\"><\/p> <ul><\/ul><\/div>\n<form action=\"\/ro\/wp-json\/wp\/v2\/pages\/3643#wpcf7-f6-o1\" method=\"post\" class=\"wpcf7-form init\" aria-label=\"Formular de contact\" novalidate=\"novalidate\" data-status=\"init\" data-trp-original-action=\"\/ro\/wp-json\/wp\/v2\/pages\/3643#wpcf7-f6-o1\">\n<fieldset class=\"hidden-fields-container\"><input type=\"hidden\" name=\"_wpcf7\" value=\"6\" \/><input type=\"hidden\" name=\"_wpcf7_version\" value=\"6.1.5\" \/><input type=\"hidden\" name=\"_wpcf7_locale\" value=\"ro_RO\" \/><input type=\"hidden\" name=\"_wpcf7_unit_tag\" value=\"wpcf7-f6-o1\" \/><input type=\"hidden\" name=\"_wpcf7_container_post\" value=\"0\" \/><input type=\"hidden\" name=\"_wpcf7_posted_data_hash\" value=\"\" \/>\n<\/fieldset>\n<p><label> Numele \u0219i Prenumele Cuplului:<br \/>\n<span class=\"wpcf7-form-control-wrap\" data-name=\"your-name\"><input size=\"40\" maxlength=\"400\" class=\"wpcf7-form-control wpcf7-text wpcf7-validates-as-required\" autocomplete=\"name\" aria-required=\"true\" aria-invalid=\"false\" value=\"\" type=\"text\" name=\"your-name\" \/><\/span> <\/label>\n<\/p>\n<p><label> Adresa de e-mail:<br \/>\n<span class=\"wpcf7-form-control-wrap\" data-name=\"your-email\"><input size=\"40\" maxlength=\"400\" class=\"wpcf7-form-control wpcf7-email wpcf7-validates-as-required wpcf7-text wpcf7-validates-as-email\" autocomplete=\"email\" aria-required=\"true\" aria-invalid=\"false\" value=\"\" type=\"email\" name=\"your-email\" \/><\/span> <\/label>\n<\/p>\n<p><label> Num\u0103rul de Telefon:<br \/>\n<span class=\"wpcf7-form-control-wrap\" data-name=\"your-tel\"><input size=\"40\" maxlength=\"400\" class=\"wpcf7-form-control wpcf7-tel wpcf7-validates-as-required wpcf7-text wpcf7-validates-as-tel\" aria-required=\"true\" aria-invalid=\"false\" value=\"\" type=\"tel\" name=\"your-tel\" \/><\/span> <\/label>\n<\/p>\n<p><label> Loca\u021bia Evenimentului:<br \/>\n<span class=\"wpcf7-form-control-wrap\" data-name=\"event\"><input size=\"40\" maxlength=\"400\" class=\"wpcf7-form-control wpcf7-text\" aria-invalid=\"false\" value=\"\" type=\"text\" name=\"event\" \/><\/span> <\/label>\n<\/p>\n<p><label> Data Evenimentului:<br \/>\n<span class=\"wpcf7-form-control-wrap\" data-name=\"event-date\"><input class=\"wpcf7-form-control wpcf7-date wpcf7-validates-as-date\" aria-invalid=\"false\" value=\"\" type=\"date\" name=\"event-date\" \/><\/span> <\/label>\n<\/p>\n<p><label> Num\u0103rul de invita\u021bii care vor fi trimise:<br \/>\n<span class=\"wpcf7-form-control-wrap\" data-name=\"number\"><input class=\"wpcf7-form-control wpcf7-number wpcf7-validates-as-number\" aria-invalid=\"false\" value=\"\" type=\"number\" name=\"number\" \/><\/span> <\/label>\n<\/p>\n<p><label> TEXTUL INVITA\u021aIEI:<br \/>\n<span class=\"wpcf7-form-control-wrap\" data-name=\"text\"><input size=\"40\" maxlength=\"400\" class=\"wpcf7-form-control wpcf7-text\" aria-invalid=\"false\" value=\"\" type=\"text\" name=\"text\" \/><\/span> <\/label>\n<\/p>\n<p><label> DETALII:<br \/>\n<span class=\"wpcf7-form-control-wrap\" data-name=\"details\"><textarea cols=\"40\" rows=\"10\" maxlength=\"2000\" class=\"wpcf7-form-control wpcf7-textarea\" aria-invalid=\"false\" placeholder=\"Please tell us anything about your invitation suite vision. This may contain inspiration from L&amp;P&#039;s Instagram or the invitation code from our site, anything about your big day like your venue, style, colors, personal aesthetic and any other details about the overall look and feel that is important for you to have in your wedding suite. Tell us also the invitation suite elements ( invitation, envelope, wax seal, auxiliar cards, illustrations, liners, ribbons, gold leaf etc.). You can also tell us about the type of paper you desire (handmade paper\/ card stock) for cards and envelopes. Do you want a custom wax seal stamp with your initials, your date or a custom design? Tell me all about it, and I will make the invitation suit of your dreams!\" name=\"details\"><\/textarea><\/span><\/label>\n<\/p>\n<p><input class=\"wpcf7-form-control wpcf7-submit has-spinner\" type=\"submit\" value=\"Trimite\" \/>\n<\/p><div class=\"wpcf7-response-output\" aria-hidden=\"true\"><\/div>\n<input type=\"hidden\" name=\"trp-form-language\" value=\"ro\"\/><\/form>\n<\/div>\n<\/div><\/div><\/div><div class=\"wpb_column vc_column_container vc_col-sm-6 vc_col-lg-6 vc_col-md-12\"><div class=\"vc_column-inner vc_custom_1741285118681\"><div class=\"wpb_wrapper\"><div class=\"mkdf-section-title-holder  mkdf-st-standard mkdf-st-title-left mkdf-st-normal-space\" >\n\t<div class=\"mkdf-st-inner\">\n\t\t\t\t\t<h2 class=\"mkdf-st-title\" >\n\t\t\t\t<span class=\"mkdf-st-title-bold\">Formular<\/span> <span class=\"mkdf-st-title-bold\">de comand\u0103<\/span> PENTRU ALTE PRODUSE DE PAPET\u0102RIE\t\t\t<\/h2>\n\t\t    <span class=\"mkdf-st-line\" ><\/span>\n    <div class=\"mkdf-st-text\" >\n            <\/div>\n\t<\/div>\n<\/div>\n<div class=\"wpcf7 no-js\" id=\"wpcf7-f4063-o2\" lang=\"ro-RO\" dir=\"ltr\" data-wpcf7-id=\"4063\">\n<div class=\"screen-reader-response\"><p role=\"status\" aria-live=\"polite\" aria-atomic=\"true\"><\/p> <ul><\/ul><\/div>\n<form action=\"\/ro\/wp-json\/wp\/v2\/pages\/3643#wpcf7-f4063-o2\" method=\"post\" class=\"wpcf7-form init\" aria-label=\"Formular de contact\" novalidate=\"novalidate\" data-status=\"init\" data-trp-original-action=\"\/ro\/wp-json\/wp\/v2\/pages\/3643#wpcf7-f4063-o2\">\n<fieldset class=\"hidden-fields-container\"><input type=\"hidden\" name=\"_wpcf7\" value=\"4063\" \/><input type=\"hidden\" name=\"_wpcf7_version\" value=\"6.1.5\" \/><input type=\"hidden\" name=\"_wpcf7_locale\" value=\"ro_RO\" \/><input type=\"hidden\" name=\"_wpcf7_unit_tag\" value=\"wpcf7-f4063-o2\" \/><input type=\"hidden\" name=\"_wpcf7_container_post\" value=\"0\" \/><input type=\"hidden\" name=\"_wpcf7_posted_data_hash\" value=\"\" \/>\n<\/fieldset>\n<p><label> Numele \u0219i Prenumele Cuplului:<br \/>\n<span class=\"wpcf7-form-control-wrap\" data-name=\"your-name\"><input size=\"40\" maxlength=\"400\" class=\"wpcf7-form-control wpcf7-text wpcf7-validates-as-required\" autocomplete=\"name\" aria-required=\"true\" aria-invalid=\"false\" value=\"\" type=\"text\" name=\"your-name\" \/><\/span> <\/label>\n<\/p>\n<p><label> Adresa de e-mail:<br \/>\n<span class=\"wpcf7-form-control-wrap\" data-name=\"your-email\"><input size=\"40\" maxlength=\"400\" class=\"wpcf7-form-control wpcf7-email wpcf7-validates-as-required wpcf7-text wpcf7-validates-as-email\" autocomplete=\"email\" aria-required=\"true\" aria-invalid=\"false\" value=\"\" type=\"email\" name=\"your-email\" \/><\/span> <\/label>\n<\/p>\n<p><label> Num\u0103rul de Telefon:<br \/>\n<span class=\"wpcf7-form-control-wrap\" data-name=\"your-tel\"><input size=\"40\" maxlength=\"400\" class=\"wpcf7-form-control wpcf7-tel wpcf7-validates-as-required wpcf7-text wpcf7-validates-as-tel\" aria-required=\"true\" aria-invalid=\"false\" value=\"\" type=\"tel\" name=\"your-tel\" \/><\/span> <\/label>\n<\/p>\n<p><label> Loca\u021bia Evenimentului:<br \/>\n<span class=\"wpcf7-form-control-wrap\" data-name=\"event\"><input size=\"40\" maxlength=\"400\" class=\"wpcf7-form-control wpcf7-text\" aria-invalid=\"false\" value=\"\" type=\"text\" name=\"event\" \/><\/span> <\/label>\n<\/p>\n<p><label> Data Evenimentului:<br \/>\n<span class=\"wpcf7-form-control-wrap\" data-name=\"event-date\"><input class=\"wpcf7-form-control wpcf7-date wpcf7-validates-as-date\" aria-invalid=\"false\" value=\"\" type=\"date\" name=\"event-date\" \/><\/span> <\/label>\n<\/p>\n<p><label> DETALII:<br \/>\n<span class=\"wpcf7-form-control-wrap\" data-name=\"details\"><textarea cols=\"40\" rows=\"10\" maxlength=\"2000\" class=\"wpcf7-form-control wpcf7-textarea\" aria-invalid=\"false\" placeholder=\"Please tell us anything about your paper goods ( type, style, number, colours, etc.). or wax seals. This may contain inspiration from L&amp;P&#039;s Instagram or the code from our site. You can also tell us about the type of paper you desire (handmade paper\/ card stock) .Tell me all about it, and I will make it happen!\" name=\"details\"><\/textarea><\/span><\/label>\n<\/p>\n<p><input class=\"wpcf7-form-control wpcf7-submit has-spinner\" type=\"submit\" value=\"Trimite\" \/>\n<\/p><div class=\"wpcf7-response-output\" aria-hidden=\"true\"><\/div>\n<input type=\"hidden\" name=\"trp-form-language\" value=\"ro\"\/><\/form>\n<\/div>\n<\/div><\/div><\/div><\/div><\/div><\/div><\/div><\/div><\/div><\/div><div class=\"vc_row wpb_row vc_row-fluid wpb_animate_when_almost_visible wpb_fadeInUp fadeInUp vc_custom_1741285215221\" ><div class=\"wpb_column vc_column_container vc_col-sm-12\"><div class=\"vc_column-inner\"><div class=\"wpb_wrapper\">\n\t<div class=\"wpb_text_column wpb_content_element\" >\n\t\t<div class=\"wpb_wrapper\">\n\t\t\t<h2 class=\"wp-block-heading\" style=\"text-align: center;\"><b>CUM COMAND?<\/b><\/h2>\n<h2 class=\"wp-block-heading\">\u00a0<\/h2>\n<h2 class=\"wp-block-heading\"><b>PASUL 1<\/b><\/h2>\n<h6 class=\"wp-block-heading\"><strong>Trimite\u021bi formularul comand\u0103.<\/strong><\/h6>\n<p><span style=\"font-weight: 400;\">R\u0103sfoi\u021bi portofoliul nostru de modele de invita\u021bii din sectiunea PORTOFOLIU&gt;INVITA\u021aII \u0219i alege\u021bi modelul preferat. Dac\u0103 a\u021bi g\u0103sit un model care este foarte aproape de cel ideal, dar dori\u021bi unele modific\u0103ri, v\u0103 rug\u0103m s\u0103 le scrie\u021bi \u00een sec\u021biunea \"detalii\" a formularului de comand\u0103. Putem, de asemenea, crea un model complet nou, special pentru voi.\u00a0<\/span><\/p>\n<h2>\u00a0<\/h2>\n<h2 class=\"wp-block-heading\"><b>PASUL 2<\/b><\/h2>\n<h6 class=\"wp-block-heading\"><strong>R\u0103spunsul nostru: Oferta de pre\u021b \u0219i perioada \u00een care vom lucra la invita\u021biile dvs.<\/strong><\/h6>\n<p>Pre\u021bul este calculat \u00een func\u021bie de tipul de h\u00e2rtie, tiraj, tehnica de tip\u0103rire, ornamente, etc., precum \u0219i structura final\u0103 a invita\u021biei (card, plic, sigiliu, alte ornamente).<\/p>\n<h2 class=\"wp-block-heading\">\u00a0<\/h2>\n<h2 class=\"wp-block-heading\"><b>PASUL 3<\/b><\/h2>\n<h6 class=\"wp-block-heading\"><strong>Plata avansului \u0219i trimiterea textului invita\u021biei<\/strong><\/h6>\n<p>Dup\u0103 acceptarea ofertei, ve\u021bi primi o factur\u0103 pentru a pl\u0103ti un avans de 50% din suma final\u0103, nerambursabil, care v\u0103 rezerv\u0103 un loc \u00een calendarul nostru de produc\u021bie \u0219i ne permite s\u0103 cre\u0103m bunul de print al invita\u021biei. V\u0103 rug\u0103m s\u0103 ne trimite\u021bi prin email dovada pl\u0103\u021bii facturii de avans \u0219i textul invita\u021biei (atunci c\u00e2nd ave\u021bi toate detaliile stabilite).<\/p>\n<h2>\u00a0<\/h2>\n<h2 class=\"wp-block-heading\"><b>PASUL 4<\/b><\/h2>\n<h6 class=\"wp-block-heading\"><strong>Lucrul la comanda voastr\u0103 \u00een perioada stabilit\u0103.<\/strong><\/h6>\n<p>Lucr\u0103m la model pe baza tuturor detaliilor discutate \u0219i v\u0103 consult\u0103m pe parcursul procesului de editare a invita\u021biei, p\u00e2n\u0103 c\u00e2nd ajungem la versiunea ideal\u0103. Odat\u0103 ce confirma\u021bi c\u0103 avem modelul perfect al invita\u021biei \u2013 numit \u201cbunul de tipar\u201d - \u0219i \u00eencepem produc\u021bia, nu mai putem face nicio modificare asupra modelului.<\/p>\n<h2>\u00a0<\/h2>\n<h2 class=\"wp-block-heading\"><b>PASUL 5<\/b><\/h2>\n<h6 class=\"wp-block-heading\"><strong>Livrare \u0219i plat\u0103<\/strong><\/h6>\n<p>Produc\u021bia a fost finalizat\u0103 \u0219i invita\u021biile sunt gata de livrare. C\u00e2nd comanda este terminat\u0103, contact\u0103m curierul \u0219i v\u0103 spunem num\u0103rul de transport*. Ve\u021bi primi produsele de papet\u0103rie dup\u0103 achitarea facturii finale. V\u0103 rug\u0103m s\u0103 ne trimite\u021bi prin email dovada pl\u0103\u021bii facturii \u0219i nu uita\u021bi s\u0103 ne da\u021bi un feedback c\u00e2nd primi\u021bi pachetul! Pute\u021bi alege, de asemenea, s\u0103 le ridica\u021bi direct de la atelierul nostru din Bucure\u0219ti!<\/p>\n<p>____________________<\/p>\n<p>*Costul transportului este suportat de client \u0219i depinde de greutatea pachetului \u0219i de adresa de livrare.<\/p>\n<p>**Ve\u021bi fi notifica\u021bi c\u00e2nd pachetul a plecat de la noi. Timpul de tranzit depinde de adresa de livrare furnizat\u0103.<\/p>\n<p>*** Firma de transport se face r\u0103spunz\u0103toare de orice problem\u0103 legat\u0103 de transport (\u00eent\u00e2rzieri ale livr\u0103rilor, deterior\u0103ri ale coletelor).<\/p>\n<h6>\u00a0<\/h6>\n<h6 class=\"wp-block-heading\"><strong>Prin plasarea unei comenzi, sunte\u021bi de acord cu termenii \u0219i condi\u021biile specificate pe siteul nostru.<\/strong><\/h6>\n\n\t\t<\/div>\n\t<\/div>\n<\/div><\/div><\/div><\/div><\/section>","protected":false},"excerpt":{"rendered":"Inquiry Form for Invitations Both (your first & last) of the Couple's Names Your Email Address Your Phone Number Event Venue and Location Event Date Number of Invitations to be mailed (one per household) TEXT of the invitation: D E [...]","protected":false},"author":1,"featured_media":0,"parent":0,"menu_order":0,"comment_status":"closed","ping_status":"closed","template":"","meta":{"footnotes":""},"class_list":["post-3643","page","type-page","status-publish","hentry"],"_links":{"self":[{"href":"https:\/\/loveandpaper.ro\/ro\/wp-json\/wp\/v2\/pages\/3643","targetHints":{"allow":["GET"]}}],"collection":[{"href":"https:\/\/loveandpaper.ro\/ro\/wp-json\/wp\/v2\/pages"}],"about":[{"href":"https:\/\/loveandpaper.ro\/ro\/wp-json\/wp\/v2\/types\/page"}],"author":[{"embeddable":true,"href":"https:\/\/loveandpaper.ro\/ro\/wp-json\/wp\/v2\/users\/1"}],"replies":[{"embeddable":true,"href":"https:\/\/loveandpaper.ro\/ro\/wp-json\/wp\/v2\/comments?post=3643"}],"version-history":[{"count":32,"href":"https:\/\/loveandpaper.ro\/ro\/wp-json\/wp\/v2\/pages\/3643\/revisions"}],"predecessor-version":[{"id":4088,"href":"https:\/\/loveandpaper.ro\/ro\/wp-json\/wp\/v2\/pages\/3643\/revisions\/4088"}],"wp:attachment":[{"href":"https:\/\/loveandpaper.ro\/ro\/wp-json\/wp\/v2\/media?parent=3643"}],"curies":[{"name":"wp","href":"https:\/\/api.w.org\/{rel}","templated":true}]}}