





{"id":430,"date":"2018-08-03T08:46:18","date_gmt":"2018-08-03T08:46:18","guid":{"rendered":"https:\/\/attika.qodeinteractive.com\/?page_id=430"},"modified":"2025-03-09T14:29:11","modified_gmt":"2025-03-09T14:29:11","slug":"contact","status":"publish","type":"page","link":"https:\/\/loveandpaper.ro\/ro\/contact\/","title":{"rendered":"Contact"},"content":{"rendered":"<section class=\"wpb-content-wrapper\"><div class=\"vc_row wpb_row vc_row-fluid\" ><div class=\"wpb_column vc_column_container vc_col-sm-12\"><div class=\"vc_column-inner vc_custom_1677787095209\"><div class=\"wpb_wrapper\"><div class=\"mkdf-cbci\">\n\t<div class=\"mkdf-cbci-content-left\" style=\"background-color: #f8f2ed;padding: 123px 26% 118px 14%\">\n            <\/div>\n    <div class=\"mkdf-cbci-content-circle\">\n        <div class=\"mkdf-cbci-content-circle-inner\"><\/div>\n        <div class=\"mkdf-cbci-content-circle-content\">\n            <i class=\"mkdf-icon-linea-icon icon-basic-clock mkdf-icon-element\" style=\"\" ><\/i>                            <h5 class=\"mkdf-cbci-title\">\n                    Luni - Vineri                <\/h5>\n                                        <p class=\"mkdf-cbci-text\" >10 am - 3 pm<\/p>\n                                        <h5 class=\"mkdf-cbci-title\">\n                    S\u00e2mb\u0103t\u0103 - Duminic\u0103                <\/h5>\n                                        <p class=\"mkdf-cbci-text\" >\u00cenchis<\/p>\n            \t                    <a itemprop=\"url\" class=\"mkdf-btn mkdf-btn-medium mkdf-btn-simple\" href=\"mailto:contact@loveandpaper.ro\" target=\"_blank\">\n                <span class=\"mkdf-btn-line\"><\/span>\n                <span class=\"mkdf-btn-text\">Contact me!<\/span>\n            <\/a>\n\t                <\/div>\n    <\/div>\n    <div class=\"mkdf-cbci-content-right\" style=\"background-color: #fef8f7;padding: 123px 18% 118px 25%\">\n            <\/div>\n<\/div><\/div><\/div><\/div><\/div><div data-vc-full-width=\"true\" data-vc-full-width-init=\"false\" class=\"vc_row wpb_row vc_row-fluid mkdf-reveal-from-right vc_custom_1741530548433\" ><div class=\"wpb_column vc_column_container vc_col-sm-1\/5 vc_hidden-md vc_hidden-sm vc_hidden-xs\"><div class=\"vc_column-inner\"><div class=\"wpb_wrapper\"><\/div><\/div><\/div><div class=\"wpb_column vc_column_container vc_col-sm-6 vc_col-lg-1\/5 vc_col-md-3 vc_col-xs-12\"><div class=\"vc_column-inner vc_custom_1536064601390\"><div class=\"wpb_wrapper\"><\/div><\/div><\/div><div class=\"wpb_column vc_column_container vc_col-sm-6 vc_col-lg-1\/5 vc_col-md-3 vc_col-xs-12\"><div class=\"vc_column-inner vc_custom_1536064623328\"><div class=\"wpb_wrapper\"><div class=\"mkdf-ib\">\n\t<div class=\"mkdf-ib-content\" style=\"background-color: #fef8f7;padding: 124px 0\">\n\t\t\t\t<h5 class=\"mkdf-ib-title\">\n\t\tE-mail\t    <\/h5>\n\t\t                    <a itemprop=\"url\" href=\"mailto:contact@loveandpaper.ro\">\n        \t\t<span class=\"mkdf-ib-email\" >contact@loveandpaper.ro<\/span>\n                    <\/a>\n        \t    <\/div>\n<\/div><\/div><\/div><\/div><div class=\"wpb_column vc_column_container vc_col-sm-6 vc_col-lg-1\/5 vc_col-md-3 vc_col-xs-12\"><div class=\"vc_column-inner vc_custom_1536064682800\"><div class=\"wpb_wrapper\"><div class=\"mkdf-ib\">\n\t<div class=\"mkdf-ib-content\" style=\"background-color: #fef8f7;padding: 124px 0\">\n\t\t\t\t<h5 class=\"mkdf-ib-title\">\n\t\tTelefon\t    <\/h5>\n\t\t                    <a itemprop=\"url\" href=\"tel:40722228586\">\n        \t\t<span class=\"mkdf-ib-email\" >+40722 22 85 86<\/span>\n                    <\/a>\n        \t    <\/div>\n<\/div><\/div><\/div><\/div><div class=\"wpb_column vc_column_container vc_col-sm-6 vc_col-lg-1\/5 vc_col-md-3 vc_col-xs-12\"><div class=\"vc_column-inner vc_custom_1536064749849\"><div class=\"wpb_wrapper\"><div class=\"mkdf-ib\">\n\t<div class=\"mkdf-ib-content\" style=\"background-color: #fef8f7;padding: 124px 0\">\n\t\t\t\t<h5 class=\"mkdf-ib-title\">\n\t\tLoca\u021bie\t    <\/h5>\n\t\t        \t\t<span class=\"mkdf-ib-email\" >Bucuresti, Rom\u00e2nia<\/span>\n        \t    <\/div>\n<\/div><\/div><\/div><\/div><\/div><div class=\"vc_row-full-width vc_clearfix\"><\/div>\n<\/section>","protected":false},"excerpt":{"rendered":"Monday - Friday 10 am - 3 pm Saturday - Sunday Closed Contact me! E-mail contact@loveandpaper.ro Phone +40722 22 85 86 Location Bucuresti, Rom\u00e2nia","protected":false},"author":1,"featured_media":0,"parent":0,"menu_order":0,"comment_status":"closed","ping_status":"closed","template":"full-width.php","meta":{"footnotes":""},"class_list":["post-430","page","type-page","status-publish","hentry"],"_links":{"self":[{"href":"https:\/\/loveandpaper.ro\/ro\/wp-json\/wp\/v2\/pages\/430","targetHints":{"allow":["GET"]}}],"collection":[{"href":"https:\/\/loveandpaper.ro\/ro\/wp-json\/wp\/v2\/pages"}],"about":[{"href":"https:\/\/loveandpaper.ro\/ro\/wp-json\/wp\/v2\/types\/page"}],"author":[{"embeddable":true,"href":"https:\/\/loveandpaper.ro\/ro\/wp-json\/wp\/v2\/users\/1"}],"replies":[{"embeddable":true,"href":"https:\/\/loveandpaper.ro\/ro\/wp-json\/wp\/v2\/comments?post=430"}],"version-history":[{"count":13,"href":"https:\/\/loveandpaper.ro\/ro\/wp-json\/wp\/v2\/pages\/430\/revisions"}],"predecessor-version":[{"id":4291,"href":"https:\/\/loveandpaper.ro\/ro\/wp-json\/wp\/v2\/pages\/430\/revisions\/4291"}],"wp:attachment":[{"href":"https:\/\/loveandpaper.ro\/ro\/wp-json\/wp\/v2\/media?parent=430"}],"curies":[{"name":"wp","href":"https:\/\/api.w.org\/{rel}","templated":true}]}}